{"id":651,"date":"2024-02-22T15:08:12","date_gmt":"2024-02-22T14:08:12","guid":{"rendered":"https:\/\/auto-aufsicht.de\/informativa-sulla-privacy\/"},"modified":"2024-02-23T18:06:57","modified_gmt":"2024-02-23T17:06:57","slug":"informativa-sulla-privacy","status":"publish","type":"page","link":"https:\/\/auto-aufsicht.de\/it\/informativa-sulla-privacy\/","title":{"rendered":"Informativa sulla privacy"},"content":{"rendered":"\n<h2 class=\"wp-block-heading\">Nota generale<\/h2>\n\n<p>Le seguenti informazioni forniscono una semplice panoramica di ci\u00f2 che accade ai vostri dati personali quando visitate il nostro sito web.<\/p>\n\n<p>I dati personali sono tutti i dati con i quali \u00e8 possibile identificarvi personalmente.<\/p>\n\n<p>La presente informativa sulla privacy spiega quali dati raccogliamo e per quali scopi li utilizziamo. Spiega inoltre come e a quale scopo ci\u00f2 avviene.<\/p>\n\n<h2 class=\"wp-block-heading\">Protezione dei dati<\/h2>\n\n<p>Noi di Auto-Aufsicht prendiamo molto sul serio la protezione dei vostri dati personali. Trattiamo i vostri dati personali in modo confidenziale e in conformit\u00e0 alle norme di legge sulla protezione dei dati e alla presente informativa sulla privacy.<\/p>\n\n<p>Desideriamo sottolineare che la trasmissione di dati su Internet (ad esempio, la comunicazione via e-mail) pu\u00f2 presentare lacune nella sicurezza. Non \u00e8 possibile proteggere completamente i dati dall&#8217;accesso di terzi.<\/p>\n\n<p>Revoca del consenso al trattamento dei dati<\/p>\n\n<p>Molte operazioni di trattamento dei dati sono possibili solo con il vostro esplicito consenso. \u00c8 possibile revocare il proprio consenso in qualsiasi momento. Tutto ci\u00f2 che dovete fare \u00e8 inviarci un&#8217;e-mail informale. La legalit\u00e0 del trattamento dei dati effettuato fino alla revoca rimane inalterata dalla revoca stessa.<\/p>\n\n<h3 class=\"wp-block-heading\">Diritto al trasferimento dei dati<\/h3>\n\n<p>Avete il diritto di ottenere che i dati che elaboriamo automaticamente sulla base del vostro consenso o in adempimento di un contratto vengano consegnati a voi o a terzi in un formato comunemente utilizzato e leggibile da una macchina. Se richiedete il trasferimento diretto dei dati a un altro responsabile del trattamento, ci\u00f2 avverr\u00e0 solo nella misura in cui sia tecnicamente possibile.<\/p>\n\n<h2 class=\"wp-block-heading\">Raccolta di dati sul nostro sito web<\/h2>\n\n<h3 class=\"wp-block-heading\">Responsabile della raccolta dei dati sul nostro sito web:<\/h3>\n\n<p>Il trattamento dei dati su questo sito web viene effettuato dal gestore del sito. I loro dati di contatto sono riportati nelle note legali di questo sito.<\/p>\n\n<h3 class=\"wp-block-heading\">Come vengono raccolti i vostri dati:<\/h3>\n\n<p>I vostri dati vengono raccolti quando ce li fornite direttamente tramite il modulo di prenotazione o il nostro modulo di contatto.<\/p>\n\n<p>Altri dati vengono raccolti automaticamente quando si visita il sito web. Si tratta principalmente di dati tecnici (ad es. browser internet, sistema operativo o ora della visualizzazione della pagina). Questi dati vengono raccolti automaticamente non appena si entra nel nostro sito web.<\/p>\n\n<h3 class=\"wp-block-heading\">Per cosa vengono utilizzati i vostri dati:<\/h3>\n\n<p>I vostri dati vengono raccolti per consentirci di adempiere ai servizi derivanti dal rapporto contrattuale.<\/p>\n\n<h3 class=\"wp-block-heading\">Quali diritti avete sui vostri dati?<\/h3>\n\n<p>Avete il diritto di ricevere gratuitamente in qualsiasi momento informazioni sull&#8217;origine, il destinatario e lo scopo dei vostri dati personali memorizzati. L&#8217;utente ha inoltre il diritto di richiedere la correzione, il blocco o la cancellazione di tali dati. Per ulteriori domande sul tema della protezione dei dati, potete contattarci in qualsiasi momento all&#8217;indirizzo indicato nella nota legale. Inoltre, avete il diritto di presentare un reclamo all&#8217;autorit\u00e0 di vigilanza competente.<\/p>\n\n<h3 class=\"wp-block-heading\">Biscotti<\/h3>\n\n<p>Alcune pagine Internet utilizzano i cosiddetti cookie. I cookie sono sicuri, in quanto non causano alcun danno al PC e non trasmettono virus. I cookie vengono utilizzati per rendere il nostro sito web pi\u00f9 facile da usare, efficace e sicuro. I cookie sono piccoli file di testo che vengono memorizzati sul computer e salvati dal browser.<\/p>\n\n<p>Per ulteriori informazioni su come utilizziamo i cookie e su come potete gestire le vostre impostazioni, consultate la nostra <a href=\"https:\/\/auto-aufsicht.de\/it\/informativa-sui-cookie\/\" data-type=\"page\" data-id=\"252\">Informativa sui cookie<\/a>.<\/p>\n\n<h3 class=\"wp-block-heading\">File di log del server<\/h3>\n\n<p>Il fornitore delle pagine raccoglie e memorizza automaticamente le informazioni nei cosiddetti file di log del server, che il vostro browser ci trasmette automaticamente. Questi sono:<\/p>\n\n<ul class=\"wp-block-list\">\n<li>Tipo e versione del browser<\/li>\n\n\n\n<li>Sistema operativo utilizzato<\/li>\n\n\n\n<li>URL di riferimento<\/li>\n\n\n\n<li>Nome host del computer di accesso<\/li>\n\n\n\n<li>Ora della richiesta del server<\/li>\n\n\n\n<li>Indirizzo IP<\/li>\n<\/ul>\n\n<p>Questi dati non vengono uniti ad altre fonti di dati.<\/p>\n\n<p>La base per il trattamento dei dati \u00e8 l&#8217;art. 6 par. 1 lit. f GDPR, che consente il trattamento dei dati per l&#8217;adempimento di un contratto o di misure precontrattuali.<\/p>\n\n<h3 class=\"wp-block-heading\">Modulo di contatto<\/h3>\n\n<p>Se ci inviate richieste di informazioni tramite il modulo di contatto, i vostri dati dal modulo di richiesta, compresi i dati di contatto che ci fornite, saranno memorizzati da noi allo scopo di elaborare la richiesta e in caso di domande successive. Non trasmettiamo questi dati senza il vostro consenso.<\/p>\n\n<p>I dati inseriti nel modulo di contatto vengono pertanto trattati esclusivamente sulla base del vostro consenso (art. 6 par. 1 lett. a GDPR). Il consenso pu\u00f2 essere revocato in qualsiasi momento. Tutto ci\u00f2 che dovete fare \u00e8 inviarci un&#8217;e-mail informale. La legalit\u00e0 delle operazioni di trattamento dei dati effettuate fino alla revoca rimane inalterata dalla revoca stessa.<\/p>\n\n<p>Conserveremo i dati forniti dall&#8217;utente nel modulo di contatto fino a quando l&#8217;utente non ne richieder\u00e0 la cancellazione, non revocher\u00e0 il consenso alla loro memorizzazione o lo scopo della loro memorizzazione non sar\u00e0 pi\u00f9 pertinente (ad esempio, dopo aver soddisfatto la sua richiesta). Le disposizioni di legge obbligatorie, in particolare i periodi di conservazione, rimangono inalterate.<\/p>\n\n<h3 class=\"wp-block-heading\">Trattamento dei dati (dati dei clienti e dei contratti)<\/h3>\n\n<p>Raccogliamo, elaboriamo e utilizziamo i dati personali solo nella misura necessaria per l&#8217;instaurazione, il contenuto o la modifica del rapporto contrattuale (dati di inventario). Ci\u00f2 avviene sulla base dell&#8217;art. 6 para. 1 lit. b GDPR, che consente il trattamento dei dati per l&#8217;adempimento di un contratto o di misure precontrattuali. Raccogliamo, elaboriamo e utilizziamo i dati personali relativi all&#8217;utilizzo del nostro sito web (dati di utilizzo) solo nella misura in cui ci\u00f2 \u00e8 necessario per consentire all&#8217;utente di utilizzare il servizio o per fatturare all&#8217;utente.<\/p>\n\n<p>I dati del cliente raccolti saranno cancellati dopo il completamento dell&#8217;ordine o la cessazione del rapporto commerciale, a meno che non venga richiesta la conservazione per prenotazioni future. I periodi di conservazione previsti dalla legge rimangono inalterati.<\/p>\n\n<h3 class=\"wp-block-heading\">Trasmissione dei dati alla conclusione di un contratto per servizi e contenuti digitali<\/h3>\n\n<p>Trasmettiamo i dati personali a terzi solo se ci\u00f2 \u00e8 necessario nel contesto dell&#8217;elaborazione del contratto, ad esempio all&#8217;istituto di credito responsabile dell&#8217;elaborazione dei pagamenti.<\/p>\n\n<p>L&#8217;ulteriore trasmissione dei dati non avverr\u00e0 o avverr\u00e0 solo se l&#8217;utente ha espressamente acconsentito alla trasmissione. I vostri dati non saranno trasmessi a terzi senza il vostro esplicito consenso, ad esempio per scopi pubblicitari.<\/p>\n\n<p>La base per il trattamento dei dati \u00e8 l&#8217;art. 6 par. 1 lit. b GDPR, che consente il trattamento dei dati per l&#8217;adempimento di un contratto o di misure precontrattuali.<\/p>\n\n<h3 class=\"wp-block-heading\">Dati della newsletter<\/h3>\n\n<p>Se desiderate ricevere la newsletter offerta nel nostro modulo di prenotazione, \u00e8 necessario che dichiariate di accettare di ricevere la newsletter selezionando la relativa casella. Ulteriori dati non vengono raccolti o vengono raccolti solo su base volontaria. Utilizziamo questi dati esclusivamente per l&#8217;invio delle informazioni richieste e non li trasmettiamo a terzi.<\/p>\n\n<p>Il trattamento avviene esclusivamente sulla base del vostro consenso (art. 6 par. 1 lett. a GDPR). \u00c8 possibile revocare il consenso alla memorizzazione dei dati, all&#8217;indirizzo e-mail e al suo utilizzo per l&#8217;invio della newsletter in qualsiasi momento via e-mail. La legalit\u00e0 delle operazioni di trattamento dei dati gi\u00e0 effettuate rimane inalterata dalla cancellazione.<\/p>\n\n<p>I dati forniti dall&#8217;utente ai fini dell&#8217;iscrizione alla newsletter saranno memorizzati da noi fino alla cancellazione dalla newsletter e cancellati dopo la cancellazione dalla newsletter. I dati da noi memorizzati su vostra espressa richiesta per future prenotazioni rimangono inalterati.<\/p>\n\n<h3 class=\"wp-block-heading\">Google Maps<\/h3>\n\n<p>Questo sito utilizza il servizio di mappe di Google Maps tramite un&#8217;API. Il fornitore \u00e8 Google Inc, 1600 Amphitheatre Parkway, Mountain View, CA 94043, USA.<\/p>\n\n<p>Per utilizzare le funzioni di Google Maps, \u00e8 necessario salvare il vostro indirizzo IP. Queste informazioni vengono solitamente trasferite a un server di Google negli Stati Uniti e l\u00ec memorizzate. Il fornitore di questo sito non ha alcuna influenza su questa trasmissione di dati.<\/p>\n\n<p>L&#8217;utilizzo di Google Maps \u00e8 finalizzato a una presentazione accattivante delle nostre offerte online e a facilitare la ricerca dei luoghi da noi indicati sul sito. Ci\u00f2 costituisce un interesse legittimo ai sensi dell&#8217;art. 6 par. 1 lit. f GDPR.<\/p>\n\n<p>Ulteriori informazioni sul trattamento dei dati degli utenti sono disponibili nell&#8217;informativa sulla privacy di Google: <a href=\"https:\/\/www.google.de\/intl\/de\/policies\/privacy\/\" target=\"_blank\" rel=\"noreferrer noopener\">https:\/\/www.google.de\/intl\/de\/policies\/privacy\/.<\/a><\/p>\n\n<h3 class=\"wp-block-heading\">PayPal<\/h3>\n\n<p>Offriamo il pagamento tramite PayPal sul nostro sito web.<\/p>\n\n<p>Il fornitore di questo servizio di pagamento \u00e8 PayPal (Europe) S.\u00e0.r.l. et Cie, S.C.A., 22-24 Boulevard Royal, L-2449 Lussemburgo (di seguito &#8220;PayPal&#8221;).<\/p>\n\n<p>Se si seleziona il pagamento tramite PayPal, i dati di pagamento inseriti verranno trasmessi a PayPal.<\/p>\n\n<p>La trasmissione dei vostri dati a PayPal avviene sulla base dell&#8217;art. 6 comma. 1 lit. a GDPR (consenso) e Art. 6 para. 1 lit. b GDPR (trattamento per l&#8217;adempimento di un contratto). Avete la possibilit\u00e0 di revocare il vostro consenso al trattamento dei dati in qualsiasi momento. La cancellazione non pregiudica l&#8217;efficacia delle operazioni di trattamento dei dati avvenute in passato.<\/p>\n\n<p><strong>Per ulteriori domande e informazioni, non esitate a contattarci telefonicamente o via e-mail. Potete trovare i nostri dati di contatto alla voce &#8220;Contatti&#8221; o nel nostro &#8220;Imprint&#8221;.  <\/strong><\/p>\n","protected":false},"excerpt":{"rendered":"<p>Nota generale Le seguenti informazioni forniscono una semplice panoramica di ci\u00f2 che accade ai vostri dati personali quando visitate il nostro sito web. I dati personali sono tutti i dati con i quali \u00e8 possibile identificarvi personalmente. La presente informativa sulla privacy spiega quali dati raccogliamo e per quali scopi li utilizziamo. Spiega inoltre come [&hellip;]<\/p>\n","protected":false},"author":1,"featured_media":0,"parent":0,"menu_order":0,"comment_status":"closed","ping_status":"closed","template":"","meta":{"footnotes":""},"class_list":["post-651","page","type-page","status-publish","hentry"],"yoast_head":"<!-- This site is optimized with the Yoast SEO plugin v27.5 - https:\/\/yoast.com\/product\/yoast-seo-wordpress\/ -->\n<title>Informativa sulla privacy | Auto-Aufsicht<\/title>\n<meta name=\"robots\" content=\"index, follow, max-snippet:-1, max-image-preview:large, max-video-preview:-1\" \/>\n<link rel=\"canonical\" href=\"https:\/\/auto-aufsicht.de\/it\/informativa-sulla-privacy\/\" \/>\n<meta property=\"og:locale\" content=\"it_IT\" \/>\n<meta property=\"og:type\" content=\"article\" \/>\n<meta property=\"og:title\" content=\"Informativa sulla privacy | Auto-Aufsicht\" \/>\n<meta property=\"og:description\" content=\"Nota generale Le seguenti informazioni forniscono una semplice panoramica di ci\u00f2 che accade ai vostri dati personali quando visitate il nostro sito web. I dati personali sono tutti i dati con i quali \u00e8 possibile identificarvi personalmente. La presente informativa sulla privacy spiega quali dati raccogliamo e per quali scopi li utilizziamo. Spiega inoltre come [&hellip;]\" \/>\n<meta property=\"og:url\" content=\"https:\/\/auto-aufsicht.de\/it\/informativa-sulla-privacy\/\" \/>\n<meta property=\"og:site_name\" content=\"Auto-Aufsicht\" \/>\n<meta property=\"article:publisher\" content=\"https:\/\/www.facebook.com\/autoaufsicht\" \/>\n<meta property=\"article:modified_time\" content=\"2024-02-23T17:06:57+00:00\" \/>\n<meta property=\"og:image\" content=\"https:\/\/auto-aufsicht.de\/wp-content\/uploads\/2024\/03\/auto-aufsicht-opengraph.jpg\" \/>\n\t<meta property=\"og:image:width\" content=\"1200\" \/>\n\t<meta property=\"og:image:height\" content=\"675\" \/>\n\t<meta property=\"og:image:type\" content=\"image\/jpeg\" \/>\n<meta name=\"twitter:card\" content=\"summary_large_image\" \/>\n<meta name=\"twitter:label1\" content=\"Tempo di lettura stimato\" \/>\n\t<meta name=\"twitter:data1\" content=\"7 minuti\" \/>\n<script type=\"application\/ld+json\" class=\"yoast-schema-graph\">{\"@context\":\"https:\\\/\\\/schema.org\",\"@graph\":[{\"@type\":\"WebPage\",\"@id\":\"https:\\\/\\\/auto-aufsicht.de\\\/it\\\/informativa-sulla-privacy\\\/\",\"url\":\"https:\\\/\\\/auto-aufsicht.de\\\/it\\\/informativa-sulla-privacy\\\/\",\"name\":\"Informativa sulla privacy | Auto-Aufsicht\",\"isPartOf\":{\"@id\":\"https:\\\/\\\/auto-aufsicht.de\\\/it\\\/#website\"},\"datePublished\":\"2024-02-22T14:08:12+00:00\",\"dateModified\":\"2024-02-23T17:06:57+00:00\",\"breadcrumb\":{\"@id\":\"https:\\\/\\\/auto-aufsicht.de\\\/it\\\/informativa-sulla-privacy\\\/#breadcrumb\"},\"inLanguage\":\"it-IT\",\"potentialAction\":[{\"@type\":\"ReadAction\",\"target\":[\"https:\\\/\\\/auto-aufsicht.de\\\/it\\\/informativa-sulla-privacy\\\/\"]}]},{\"@type\":\"BreadcrumbList\",\"@id\":\"https:\\\/\\\/auto-aufsicht.de\\\/it\\\/informativa-sulla-privacy\\\/#breadcrumb\",\"itemListElement\":[{\"@type\":\"ListItem\",\"position\":1,\"name\":\"Startseite\",\"item\":\"https:\\\/\\\/auto-aufsicht.de\\\/it\\\/casa\\\/\"},{\"@type\":\"ListItem\",\"position\":2,\"name\":\"Informativa sulla privacy\"}]},{\"@type\":\"WebSite\",\"@id\":\"https:\\\/\\\/auto-aufsicht.de\\\/it\\\/#website\",\"url\":\"https:\\\/\\\/auto-aufsicht.de\\\/it\\\/\",\"name\":\"Auto-Aufsicht\",\"description\":\"Parken am Flughafen Frankfurt am Main\",\"publisher\":{\"@id\":\"https:\\\/\\\/auto-aufsicht.de\\\/it\\\/#organization\"},\"potentialAction\":[{\"@type\":\"SearchAction\",\"target\":{\"@type\":\"EntryPoint\",\"urlTemplate\":\"https:\\\/\\\/auto-aufsicht.de\\\/it\\\/?s={search_term_string}\"},\"query-input\":{\"@type\":\"PropertyValueSpecification\",\"valueRequired\":true,\"valueName\":\"search_term_string\"}}],\"inLanguage\":\"it-IT\"},{\"@type\":\"Organization\",\"@id\":\"https:\\\/\\\/auto-aufsicht.de\\\/it\\\/#organization\",\"name\":\"Auto-Aufsicht\",\"url\":\"https:\\\/\\\/auto-aufsicht.de\\\/it\\\/\",\"logo\":{\"@type\":\"ImageObject\",\"inLanguage\":\"it-IT\",\"@id\":\"https:\\\/\\\/auto-aufsicht.de\\\/it\\\/#\\\/schema\\\/logo\\\/image\\\/\",\"url\":\"https:\\\/\\\/auto-aufsicht.de\\\/wp-content\\\/uploads\\\/2023\\\/06\\\/Auto-Aufsicht-Logo.svg\",\"contentUrl\":\"https:\\\/\\\/auto-aufsicht.de\\\/wp-content\\\/uploads\\\/2023\\\/06\\\/Auto-Aufsicht-Logo.svg\",\"width\":67,\"height\":33,\"caption\":\"Auto-Aufsicht\"},\"image\":{\"@id\":\"https:\\\/\\\/auto-aufsicht.de\\\/it\\\/#\\\/schema\\\/logo\\\/image\\\/\"},\"sameAs\":[\"https:\\\/\\\/www.facebook.com\\\/autoaufsicht\"]}]}<\/script>\n<!-- \/ Yoast SEO plugin. -->","yoast_head_json":{"title":"Informativa sulla privacy | Auto-Aufsicht","robots":{"index":"index","follow":"follow","max-snippet":"max-snippet:-1","max-image-preview":"max-image-preview:large","max-video-preview":"max-video-preview:-1"},"canonical":"https:\/\/auto-aufsicht.de\/it\/informativa-sulla-privacy\/","og_locale":"it_IT","og_type":"article","og_title":"Informativa sulla privacy | Auto-Aufsicht","og_description":"Nota generale Le seguenti informazioni forniscono una semplice panoramica di ci\u00f2 che accade ai vostri dati personali quando visitate il nostro sito web. I dati personali sono tutti i dati con i quali \u00e8 possibile identificarvi personalmente. La presente informativa sulla privacy spiega quali dati raccogliamo e per quali scopi li utilizziamo. Spiega inoltre come [&hellip;]","og_url":"https:\/\/auto-aufsicht.de\/it\/informativa-sulla-privacy\/","og_site_name":"Auto-Aufsicht","article_publisher":"https:\/\/www.facebook.com\/autoaufsicht","article_modified_time":"2024-02-23T17:06:57+00:00","og_image":[{"width":1200,"height":675,"url":"https:\/\/auto-aufsicht.de\/wp-content\/uploads\/2024\/03\/auto-aufsicht-opengraph.jpg","type":"image\/jpeg"}],"twitter_card":"summary_large_image","twitter_misc":{"Tempo di lettura stimato":"7 minuti"},"schema":{"@context":"https:\/\/schema.org","@graph":[{"@type":"WebPage","@id":"https:\/\/auto-aufsicht.de\/it\/informativa-sulla-privacy\/","url":"https:\/\/auto-aufsicht.de\/it\/informativa-sulla-privacy\/","name":"Informativa sulla privacy | Auto-Aufsicht","isPartOf":{"@id":"https:\/\/auto-aufsicht.de\/it\/#website"},"datePublished":"2024-02-22T14:08:12+00:00","dateModified":"2024-02-23T17:06:57+00:00","breadcrumb":{"@id":"https:\/\/auto-aufsicht.de\/it\/informativa-sulla-privacy\/#breadcrumb"},"inLanguage":"it-IT","potentialAction":[{"@type":"ReadAction","target":["https:\/\/auto-aufsicht.de\/it\/informativa-sulla-privacy\/"]}]},{"@type":"BreadcrumbList","@id":"https:\/\/auto-aufsicht.de\/it\/informativa-sulla-privacy\/#breadcrumb","itemListElement":[{"@type":"ListItem","position":1,"name":"Startseite","item":"https:\/\/auto-aufsicht.de\/it\/casa\/"},{"@type":"ListItem","position":2,"name":"Informativa sulla privacy"}]},{"@type":"WebSite","@id":"https:\/\/auto-aufsicht.de\/it\/#website","url":"https:\/\/auto-aufsicht.de\/it\/","name":"Auto-Aufsicht","description":"Parken am Flughafen Frankfurt am Main","publisher":{"@id":"https:\/\/auto-aufsicht.de\/it\/#organization"},"potentialAction":[{"@type":"SearchAction","target":{"@type":"EntryPoint","urlTemplate":"https:\/\/auto-aufsicht.de\/it\/?s={search_term_string}"},"query-input":{"@type":"PropertyValueSpecification","valueRequired":true,"valueName":"search_term_string"}}],"inLanguage":"it-IT"},{"@type":"Organization","@id":"https:\/\/auto-aufsicht.de\/it\/#organization","name":"Auto-Aufsicht","url":"https:\/\/auto-aufsicht.de\/it\/","logo":{"@type":"ImageObject","inLanguage":"it-IT","@id":"https:\/\/auto-aufsicht.de\/it\/#\/schema\/logo\/image\/","url":"https:\/\/auto-aufsicht.de\/wp-content\/uploads\/2023\/06\/Auto-Aufsicht-Logo.svg","contentUrl":"https:\/\/auto-aufsicht.de\/wp-content\/uploads\/2023\/06\/Auto-Aufsicht-Logo.svg","width":67,"height":33,"caption":"Auto-Aufsicht"},"image":{"@id":"https:\/\/auto-aufsicht.de\/it\/#\/schema\/logo\/image\/"},"sameAs":["https:\/\/www.facebook.com\/autoaufsicht"]}]}},"_links":{"self":[{"href":"https:\/\/auto-aufsicht.de\/it\/wp-json\/wp\/v2\/pages\/651","targetHints":{"allow":["GET"]}}],"collection":[{"href":"https:\/\/auto-aufsicht.de\/it\/wp-json\/wp\/v2\/pages"}],"about":[{"href":"https:\/\/auto-aufsicht.de\/it\/wp-json\/wp\/v2\/types\/page"}],"author":[{"embeddable":true,"href":"https:\/\/auto-aufsicht.de\/it\/wp-json\/wp\/v2\/users\/1"}],"replies":[{"embeddable":true,"href":"https:\/\/auto-aufsicht.de\/it\/wp-json\/wp\/v2\/comments?post=651"}],"version-history":[{"count":1,"href":"https:\/\/auto-aufsicht.de\/it\/wp-json\/wp\/v2\/pages\/651\/revisions"}],"predecessor-version":[{"id":652,"href":"https:\/\/auto-aufsicht.de\/it\/wp-json\/wp\/v2\/pages\/651\/revisions\/652"}],"wp:attachment":[{"href":"https:\/\/auto-aufsicht.de\/it\/wp-json\/wp\/v2\/media?parent=651"}],"curies":[{"name":"wp","href":"https:\/\/api.w.org\/{rel}","templated":true}]}}