{"id":646,"date":"2024-02-22T15:09:25","date_gmt":"2024-02-22T14:09:25","guid":{"rendered":"https:\/\/auto-aufsicht.de\/agb\/"},"modified":"2024-03-28T13:05:06","modified_gmt":"2024-03-28T12:05:06","slug":"termini-e-condizioni-generali","status":"publish","type":"page","link":"https:\/\/auto-aufsicht.de\/it\/termini-e-condizioni-generali\/","title":{"rendered":"Termini e condizioni generali"},"content":{"rendered":"\n<p>Per tutti i link presenti sul nostro sito web vale quanto segue: prendiamo espressamente le distanze dai contenuti e non ci assumiamo alcuna responsabilit\u00e0 per i contenuti delle pagine a cui si rimanda sul nostro sito web.<\/p>\n\n<h2 class=\"wp-block-heading\">AGB &#8211; Termini e condizioni generali<\/h2>\n\n<h3 class=\"wp-block-heading\">\u00a7 1 Generale<\/h3>\n\n<p>Tutti i servizi offerti da Auto-Aufsicht (di seguito denominata gestore del parcheggio) sono soggetti alle seguenti Condizioni generali di contratto. Far\u00e0 fede la versione valida al momento della stipula del contratto. Effettuando una prenotazione, il cliente accetta le Condizioni generali di contratto del gestore del parcheggio. Le disposizioni derogatorie non si applicano se non sono riconosciute per iscritto dal gestore del parcheggio. Il contratto si conclude con l&#8217;offerta del cliente e l&#8217;accettazione dell&#8217;offerta da parte del gestore del parcheggio sotto forma di conferma scritta della prenotazione. Il cliente \u00e8 tenuto a controllare che la conferma della prenotazione non contenga errori e a comunicare tempestivamente al gestore del parcheggio eventuali informazioni errate. Se la prenotazione \u00e8 stata effettuata da un terzo, questo risponde come debitore solidale per tutti gli obblighi contrattuali insieme al partner contrattuale indicato.<\/p>\n\n<h3 class=\"wp-block-heading\">\u00a7 2 Ambito di applicazione<\/h3>\n\n<p>Le presenti Condizioni generali si applicano a tutti i servizi forniti nell&#8217;ambito del contratto con il gestore del parcheggio.<\/p>\n\n<h3 class=\"wp-block-heading\">\u00a7 3 Oggetto del contratto<\/h3>\n\n<p>Oggetto del contratto \u00e8 l&#8217;affitto di un posto auto per veicoli a motore, nonch\u00e9 il trasferimento dall&#8217;aeroporto (il cosiddetto servizio navetta, 1 viaggio di andata e ritorno per veicolo) o il trasferimento del veicolo (il cosiddetto servizio valet, anch&#8217;esso 1 viaggio di andata e ritorno per veicolo). Anche altri servizi aggiuntivi concordati per iscritto sono oggetto del contratto.<\/p>\n\n<p>Il servizio navetta comprende un servizio di parcheggio presso la sede dell&#8217;azienda. Il trasporto avviene a partire dall&#8217;orario prenotato. Non c&#8217;\u00e8 diritto al trasporto immediato. La sosta e la rimozione dei veicoli \u00e8 affidata al personale del gestore del parcheggio. Per motivi organizzativi \u00e8 necessario un passaggio di consegne chiave. Tuttavia, il veicolo dell&#8217;inquilino non lascia mai i locali videosorvegliati. La chiave del veicolo \u00e8 conservata in una cassaforte. Con il servizio valet, i veicoli possono essere parcheggiati temporaneamente in parcheggi sicuri direttamente all&#8217;aeroporto di Francoforte, se necessario e per facilitare lo scopo del contratto.<\/p>\n\n<p>Nel caso in cui il cliente necessiti di ulteriori viaggi, verranno addebitati 15 \u20ac per ogni viaggio aggiuntivo per un massimo di quattro persone. Prima di parcheggiare il veicolo, il noleggiatore \u00e8 tenuto a rimuovere tutti gli oggetti di valore dal suo veicolo.<\/p>\n\n<p>Auto Aufsicht ha un diritto di pegno legale sul veicolo noleggiato per i crediti esistenti derivanti dal contratto di noleggio. Auto-Aufsicht \u00e8 inoltre autorizzata a far rimuovere i veicoli parcheggiati dai locali dell&#8217;azienda a spese e a rischio del cliente se, ad esempio<\/p>\n\n<ul class=\"wp-block-list\">\n<li>il contratto di locazione viene risolto e l&#8217;inquilino non pu\u00f2 essere contattato<\/li>\n\n\n\n<li>un veicolo che \u00e8 stato adattato rappresenta un pericolo generale a causa di difetti (ad es. serbatoio che perde, ecc.)<\/li>\n\n\n\n<li>un veicolo noleggiato non viene registrato presso la polizia o viene ritirato dalla circolazione dalle autorit\u00e0 durante la durata del contratto<\/li>\n\n\n\n<li>il veicolo \u00e8 stato parcheggiato senza autorizzazione.<\/li>\n<\/ul>\n\n<p>Con la consegna del veicolo, il cliente si assicura che il veicolo abbia la copertura assicurativa richiesta dalla legge fino a quando non lascia la sede dell&#8217;azienda. Al cliente \u00e8 vietato effettuare riparazioni nei locali della societ\u00e0 (ad eccezione dei servizi di soccorso autorizzati), lavare o pulire i veicoli, scaricare l&#8217;acqua di raffreddamento, i carburanti o gli oli o smaltire i rifiuti nel veicolo nei locali della societ\u00e0. Il noleggiatore \u00e8 responsabile delle perdite di olio o di altri liquidi e di qualsiasi contaminazione da essi causata. Le contaminazioni di cui \u00e8 responsabile il cliente devono essere rimosse immediatamente e in modo adeguato dal cliente stesso o da uno specialista. In caso contrario, il gestore del parcheggio ha il diritto di far rimuovere lo sporco a spese del cliente. Il cliente cede anticipatamente al gestore del parcheggio le proprie pretese nei confronti di terzi o di compagnie assicurative derivanti da un sinistro, nella misura in cui il gestore del parcheggio \u00e8 ritenuto responsabile per tale sinistro.<\/p>\n\n<h3 class=\"wp-block-heading\">\u00a7 4 Prezzi e pagamenti<\/h3>\n\n<p>Per il calcolo del prezzo si applicano i prezzi correnti al momento della stipula del contratto. Questi possono essere consultati su Internet. I tempi per i servizi di parcheggio sono calcolati in base ai giorni di calendario o parte di essi, per cui il giorno di arrivo e il giorno di partenza dai locali contano ciascuno come un giorno intero.<\/p>\n\n<p>La tariffa per la piazzola prenotata e gli altri servizi si paga in anticipo (bonifico bancario o PayPal) o in contanti al pi\u00f9 tardi all&#8217;arrivo. Auto Aufsicht pu\u00f2 rifiutarsi di restituire il veicolo fino al completo pagamento dell&#8217;importo della fattura. Se il periodo di parcheggio viene prolungato, verranno addebitati 10 \u20ac al giorno.<\/p>\n\n<p>In caso di modifica della data e\/o dell&#8217;orario di atterraggio o di cancellazione del volo di ritorno con breve preavviso, \u00e8 necessario comunicarlo il prima possibile tramite telefonata, SMS, WhatsApp o e-mail (all&#8217;indirizzo info@auto-aufsicht.de), indicando la nuova data, l&#8217;orario di atterraggio e il numero del volo. In caso contrario, verr\u00e0 addebitato un rimborso spese di 35 euro per le prenotazioni di navette e di 45 euro per le prenotazioni di parcheggiatori in caso di mancata presentazione il giorno successivo. Per ogni giorno aggiuntivo successivo verranno addebitati 10 \u20ac (costi di estensione standard).<\/p>\n\n<p>Per il ritiro dopo le 00:15, verranno addebitati 15 \u20ac per ogni ora o parte di essa.<\/p>\n\n<h3 class=\"wp-block-heading\">\u00a7 5 Cancellazione e risarcimento<\/h3>\n\n<p>La cancellazione \u00e8 possibile gratuitamente fino a 48 ore prima del giorno di arrivo. Il giorno di arrivo \u00e8 dalle ore 00:00. Le cancellazioni devono essere effettuate per iscritto. In caso di cancellazione successiva, \u00e8 dovuto l&#8217;intero importo della fattura. L&#8217;annullamento reciproco per giusta causa rimane inalterato. Questo vale in caso di forza maggiore, malattia, morte o disordini politici nel luogo di destinazione. Se necessario, questi devono essere dimostrati per iscritto.<\/p>\n\n<h3 class=\"wp-block-heading\">\u00a7 6 Responsabilit\u00e0 \/ Esclusione di responsabilit\u00e0<\/h3>\n\n<p>Il gestore del parcheggio \u00e8 responsabile di tutti i danni causati colpevolmente da lui o dai suoi dipendenti sulla base delle disposizioni di legge in materia di responsabilit\u00e0 (dolo e colpa grave). \u00c8 esclusa qualsiasi altra responsabilit\u00e0, come ad esempio i danni al bagaglio e al suo contenuto durante il trasporto. In caso di negligenza lieve, la responsabilit\u00e0 per danni sorge solo se questa \u00e8 riconducibile alla violazione di un obbligo contrattuale sostanziale in modo tale da mettere in pericolo lo scopo del contratto. In questi casi, la responsabilit\u00e0 \u00e8 limitata ai danni prevedibili tipici del contratto. Il cliente dovr\u00e0 inoltre risarcire il gestore del parcheggio per i danni causati da cause di forza maggiore (ad es. danni da tempesta, grandine, fulmini, inondazioni, escrementi di uccelli, ecc.), nonch\u00e9 per i danni causati da disordini politici interni ed esterni, atti di guerra e vandalismo.<\/p>\n\n<p><strong>I clienti sono tenuti a fotografare tutti i lati del proprio veicolo all&#8217;arrivo nel parcheggio davanti alla sede del gestore del parcheggio o all&#8217;aeroporto di Francoforte sul Meno.  <\/strong>Il gestore del parcheggio non si assume alcuna responsabilit\u00e0 per i piccoli graffi e i danni minori alla vernice, nonch\u00e9 per le scheggiature e le ammaccature non riconoscibili a causa della sporcizia del veicolo o delle scarse condizioni di illuminazione al momento della consegna. Questo vale soprattutto se non si tratta di danni da parcheggio. Lo stesso vale per i danni che di solito non sono riconoscibili in fotografia. Se il cliente lamenta un danno al momento della restituzione del veicolo, l&#8217;onere della prova che il danno \u00e8 stato causato da un dipendente del gestore del parcheggio spetta al cliente. In caso di trasferimento del veicolo (servizio valet), i danni al veicolo del cliente sono interamente coperti dall&#8217;assicurazione di responsabilit\u00e0 civile prevista dalla legge (il cosiddetto danno completo). I danni ai veicoli di terzi sono coperti dall&#8217;assicurazione RC auto del cliente. Sono escluse le richieste di risarcimento per danni dovuti a declassamento ecc.<\/p>\n\n<p>Il cliente non ha diritto a una riduzione del prezzo o a un risarcimento se non ha segnalato il danno al personale di vigilanza immediatamente e per iscritto via e-mail prima di lasciare i locali per la valutazione del danno. Il gestore del parcheggio non \u00e8 responsabile per i danni causati da terzi. Questo vale anche per il furto e lo smarrimento di autoveicoli, parti di autoveicoli, contenuto di autoveicoli e carico di autoveicoli (ad esempio autoradio, sistema di navigazione, telefono dell&#8217;auto, oggetti di valore personale, computer e simili).<\/p>\n\n<p>Sono escluse le richieste di risarcimento danni, in particolare quelle derivanti da voli persi e altri appuntamenti mancati. \u00c8 responsabilit\u00e0 del cliente prevedere un tempo sufficiente. Il gestore del parcheggio non \u00e8 tenuto a controllare l&#8217;orario di arrivo.<\/p>\n\n<h3 class=\"wp-block-heading\">\u00a7 7 Protezione dei dati<\/h3>\n\n<p>I dati forniti sono protetti dal gestore del parcheggio in conformit\u00e0 alla legge federale sulla protezione dei dati. Il cliente accetta che i suoi dati vengano elaborati e memorizzati elettronicamente dal gestore del parcheggio nell&#8217;ambito del rapporto contrattuale. I dati non saranno trasmessi a terzi senza autorizzazione. I dati vengono cancellati regolarmente.<\/p>\n\n<h3 class=\"wp-block-heading\">\u00a7 8 Disposizioni finali<\/h3>\n\n<p>Le modifiche o le aggiunte al contratto devono essere effettuate in forma testuale. Se una o pi\u00f9 disposizioni del presente contratto si discostano dalla legge applicabile, la disposizione non valida sar\u00e0 sostituita da una disposizione legale valida che si avvicina maggiormente all&#8217;intenzione della disposizione originale. Le altre disposizioni rimangono inalterate.<\/p>\n\n<p>Il foro competente \u00e8 Francoforte sul Meno.<\/p>\n","protected":false},"excerpt":{"rendered":"<p>Per tutti i link presenti sul nostro sito web vale quanto segue: prendiamo espressamente le distanze dai contenuti e non ci assumiamo alcuna responsabilit\u00e0 per i contenuti delle pagine a cui si rimanda sul nostro sito web. AGB &#8211; Termini e condizioni generali \u00a7 1 Generale Tutti i servizi offerti da Auto-Aufsicht (di seguito denominata [&hellip;]<\/p>\n","protected":false},"author":1,"featured_media":0,"parent":0,"menu_order":0,"comment_status":"closed","ping_status":"closed","template":"","meta":{"footnotes":""},"class_list":["post-646","page","type-page","status-publish","hentry"],"yoast_head":"<!-- This site is optimized with the Yoast SEO plugin v27.5 - https:\/\/yoast.com\/product\/yoast-seo-wordpress\/ -->\n<title>Termini e condizioni generali | Auto-Aufsicht<\/title>\n<meta name=\"robots\" content=\"index, follow, max-snippet:-1, max-image-preview:large, max-video-preview:-1\" \/>\n<link rel=\"canonical\" href=\"https:\/\/auto-aufsicht.de\/it\/termini-e-condizioni-generali\/\" \/>\n<meta property=\"og:locale\" content=\"it_IT\" \/>\n<meta property=\"og:type\" content=\"article\" \/>\n<meta property=\"og:title\" content=\"Termini e condizioni generali | Auto-Aufsicht\" \/>\n<meta property=\"og:description\" content=\"Per tutti i link presenti sul nostro sito web vale quanto segue: prendiamo espressamente le distanze dai contenuti e non ci assumiamo alcuna responsabilit\u00e0 per i contenuti delle pagine a cui si rimanda sul nostro sito web. AGB &#8211; Termini e condizioni generali \u00a7 1 Generale Tutti i servizi offerti da Auto-Aufsicht (di seguito denominata [&hellip;]\" \/>\n<meta property=\"og:url\" content=\"https:\/\/auto-aufsicht.de\/it\/termini-e-condizioni-generali\/\" \/>\n<meta property=\"og:site_name\" content=\"Auto-Aufsicht\" \/>\n<meta property=\"article:publisher\" content=\"https:\/\/www.facebook.com\/autoaufsicht\" \/>\n<meta property=\"article:modified_time\" content=\"2024-03-28T12:05:06+00:00\" \/>\n<meta property=\"og:image\" content=\"https:\/\/auto-aufsicht.de\/wp-content\/uploads\/2024\/03\/auto-aufsicht-opengraph.jpg\" \/>\n\t<meta property=\"og:image:width\" content=\"1200\" \/>\n\t<meta property=\"og:image:height\" content=\"675\" \/>\n\t<meta property=\"og:image:type\" content=\"image\/jpeg\" \/>\n<meta name=\"twitter:card\" content=\"summary_large_image\" \/>\n<meta name=\"twitter:label1\" content=\"Tempo di lettura stimato\" \/>\n\t<meta name=\"twitter:data1\" content=\"7 minuti\" \/>\n<script type=\"application\/ld+json\" class=\"yoast-schema-graph\">{\"@context\":\"https:\\\/\\\/schema.org\",\"@graph\":[{\"@type\":\"WebPage\",\"@id\":\"https:\\\/\\\/auto-aufsicht.de\\\/it\\\/termini-e-condizioni-generali\\\/\",\"url\":\"https:\\\/\\\/auto-aufsicht.de\\\/it\\\/termini-e-condizioni-generali\\\/\",\"name\":\"Termini e condizioni generali | Auto-Aufsicht\",\"isPartOf\":{\"@id\":\"https:\\\/\\\/auto-aufsicht.de\\\/it\\\/#website\"},\"datePublished\":\"2024-02-22T14:09:25+00:00\",\"dateModified\":\"2024-03-28T12:05:06+00:00\",\"breadcrumb\":{\"@id\":\"https:\\\/\\\/auto-aufsicht.de\\\/it\\\/termini-e-condizioni-generali\\\/#breadcrumb\"},\"inLanguage\":\"it-IT\",\"potentialAction\":[{\"@type\":\"ReadAction\",\"target\":[\"https:\\\/\\\/auto-aufsicht.de\\\/it\\\/termini-e-condizioni-generali\\\/\"]}]},{\"@type\":\"BreadcrumbList\",\"@id\":\"https:\\\/\\\/auto-aufsicht.de\\\/it\\\/termini-e-condizioni-generali\\\/#breadcrumb\",\"itemListElement\":[{\"@type\":\"ListItem\",\"position\":1,\"name\":\"Startseite\",\"item\":\"https:\\\/\\\/auto-aufsicht.de\\\/it\\\/casa\\\/\"},{\"@type\":\"ListItem\",\"position\":2,\"name\":\"Termini e condizioni generali\"}]},{\"@type\":\"WebSite\",\"@id\":\"https:\\\/\\\/auto-aufsicht.de\\\/it\\\/#website\",\"url\":\"https:\\\/\\\/auto-aufsicht.de\\\/it\\\/\",\"name\":\"Auto-Aufsicht\",\"description\":\"Parken am Flughafen Frankfurt am Main\",\"publisher\":{\"@id\":\"https:\\\/\\\/auto-aufsicht.de\\\/it\\\/#organization\"},\"potentialAction\":[{\"@type\":\"SearchAction\",\"target\":{\"@type\":\"EntryPoint\",\"urlTemplate\":\"https:\\\/\\\/auto-aufsicht.de\\\/it\\\/?s={search_term_string}\"},\"query-input\":{\"@type\":\"PropertyValueSpecification\",\"valueRequired\":true,\"valueName\":\"search_term_string\"}}],\"inLanguage\":\"it-IT\"},{\"@type\":\"Organization\",\"@id\":\"https:\\\/\\\/auto-aufsicht.de\\\/it\\\/#organization\",\"name\":\"Auto-Aufsicht\",\"url\":\"https:\\\/\\\/auto-aufsicht.de\\\/it\\\/\",\"logo\":{\"@type\":\"ImageObject\",\"inLanguage\":\"it-IT\",\"@id\":\"https:\\\/\\\/auto-aufsicht.de\\\/it\\\/#\\\/schema\\\/logo\\\/image\\\/\",\"url\":\"https:\\\/\\\/auto-aufsicht.de\\\/wp-content\\\/uploads\\\/2023\\\/06\\\/Auto-Aufsicht-Logo.svg\",\"contentUrl\":\"https:\\\/\\\/auto-aufsicht.de\\\/wp-content\\\/uploads\\\/2023\\\/06\\\/Auto-Aufsicht-Logo.svg\",\"width\":67,\"height\":33,\"caption\":\"Auto-Aufsicht\"},\"image\":{\"@id\":\"https:\\\/\\\/auto-aufsicht.de\\\/it\\\/#\\\/schema\\\/logo\\\/image\\\/\"},\"sameAs\":[\"https:\\\/\\\/www.facebook.com\\\/autoaufsicht\"]}]}<\/script>\n<!-- \/ Yoast SEO plugin. -->","yoast_head_json":{"title":"Termini e condizioni generali | Auto-Aufsicht","robots":{"index":"index","follow":"follow","max-snippet":"max-snippet:-1","max-image-preview":"max-image-preview:large","max-video-preview":"max-video-preview:-1"},"canonical":"https:\/\/auto-aufsicht.de\/it\/termini-e-condizioni-generali\/","og_locale":"it_IT","og_type":"article","og_title":"Termini e condizioni generali | Auto-Aufsicht","og_description":"Per tutti i link presenti sul nostro sito web vale quanto segue: prendiamo espressamente le distanze dai contenuti e non ci assumiamo alcuna responsabilit\u00e0 per i contenuti delle pagine a cui si rimanda sul nostro sito web. AGB &#8211; Termini e condizioni generali \u00a7 1 Generale Tutti i servizi offerti da Auto-Aufsicht (di seguito denominata [&hellip;]","og_url":"https:\/\/auto-aufsicht.de\/it\/termini-e-condizioni-generali\/","og_site_name":"Auto-Aufsicht","article_publisher":"https:\/\/www.facebook.com\/autoaufsicht","article_modified_time":"2024-03-28T12:05:06+00:00","og_image":[{"width":1200,"height":675,"url":"https:\/\/auto-aufsicht.de\/wp-content\/uploads\/2024\/03\/auto-aufsicht-opengraph.jpg","type":"image\/jpeg"}],"twitter_card":"summary_large_image","twitter_misc":{"Tempo di lettura stimato":"7 minuti"},"schema":{"@context":"https:\/\/schema.org","@graph":[{"@type":"WebPage","@id":"https:\/\/auto-aufsicht.de\/it\/termini-e-condizioni-generali\/","url":"https:\/\/auto-aufsicht.de\/it\/termini-e-condizioni-generali\/","name":"Termini e condizioni generali | Auto-Aufsicht","isPartOf":{"@id":"https:\/\/auto-aufsicht.de\/it\/#website"},"datePublished":"2024-02-22T14:09:25+00:00","dateModified":"2024-03-28T12:05:06+00:00","breadcrumb":{"@id":"https:\/\/auto-aufsicht.de\/it\/termini-e-condizioni-generali\/#breadcrumb"},"inLanguage":"it-IT","potentialAction":[{"@type":"ReadAction","target":["https:\/\/auto-aufsicht.de\/it\/termini-e-condizioni-generali\/"]}]},{"@type":"BreadcrumbList","@id":"https:\/\/auto-aufsicht.de\/it\/termini-e-condizioni-generali\/#breadcrumb","itemListElement":[{"@type":"ListItem","position":1,"name":"Startseite","item":"https:\/\/auto-aufsicht.de\/it\/casa\/"},{"@type":"ListItem","position":2,"name":"Termini e condizioni generali"}]},{"@type":"WebSite","@id":"https:\/\/auto-aufsicht.de\/it\/#website","url":"https:\/\/auto-aufsicht.de\/it\/","name":"Auto-Aufsicht","description":"Parken am Flughafen Frankfurt am Main","publisher":{"@id":"https:\/\/auto-aufsicht.de\/it\/#organization"},"potentialAction":[{"@type":"SearchAction","target":{"@type":"EntryPoint","urlTemplate":"https:\/\/auto-aufsicht.de\/it\/?s={search_term_string}"},"query-input":{"@type":"PropertyValueSpecification","valueRequired":true,"valueName":"search_term_string"}}],"inLanguage":"it-IT"},{"@type":"Organization","@id":"https:\/\/auto-aufsicht.de\/it\/#organization","name":"Auto-Aufsicht","url":"https:\/\/auto-aufsicht.de\/it\/","logo":{"@type":"ImageObject","inLanguage":"it-IT","@id":"https:\/\/auto-aufsicht.de\/it\/#\/schema\/logo\/image\/","url":"https:\/\/auto-aufsicht.de\/wp-content\/uploads\/2023\/06\/Auto-Aufsicht-Logo.svg","contentUrl":"https:\/\/auto-aufsicht.de\/wp-content\/uploads\/2023\/06\/Auto-Aufsicht-Logo.svg","width":67,"height":33,"caption":"Auto-Aufsicht"},"image":{"@id":"https:\/\/auto-aufsicht.de\/it\/#\/schema\/logo\/image\/"},"sameAs":["https:\/\/www.facebook.com\/autoaufsicht"]}]}},"_links":{"self":[{"href":"https:\/\/auto-aufsicht.de\/it\/wp-json\/wp\/v2\/pages\/646","targetHints":{"allow":["GET"]}}],"collection":[{"href":"https:\/\/auto-aufsicht.de\/it\/wp-json\/wp\/v2\/pages"}],"about":[{"href":"https:\/\/auto-aufsicht.de\/it\/wp-json\/wp\/v2\/types\/page"}],"author":[{"embeddable":true,"href":"https:\/\/auto-aufsicht.de\/it\/wp-json\/wp\/v2\/users\/1"}],"replies":[{"embeddable":true,"href":"https:\/\/auto-aufsicht.de\/it\/wp-json\/wp\/v2\/comments?post=646"}],"version-history":[{"count":2,"href":"https:\/\/auto-aufsicht.de\/it\/wp-json\/wp\/v2\/pages\/646\/revisions"}],"predecessor-version":[{"id":950,"href":"https:\/\/auto-aufsicht.de\/it\/wp-json\/wp\/v2\/pages\/646\/revisions\/950"}],"wp:attachment":[{"href":"https:\/\/auto-aufsicht.de\/it\/wp-json\/wp\/v2\/media?parent=646"}],"curies":[{"name":"wp","href":"https:\/\/api.w.org\/{rel}","templated":true}]}}