{"id":598,"date":"2024-02-22T15:07:59","date_gmt":"2024-02-22T14:07:59","guid":{"rendered":"https:\/\/auto-aufsicht.de\/mentions-legales\/"},"modified":"2024-04-08T11:35:23","modified_gmt":"2024-04-08T09:35:23","slug":"mentions-legales","status":"publish","type":"page","link":"https:\/\/auto-aufsicht.de\/fr\/mentions-legales\/","title":{"rendered":"Mentions l\u00e9gales"},"content":{"rendered":"\n<p><strong>Auto-Aufsicht<\/strong><\/p>\n\n<p>En. Angelo Nettuno<br\/>7, rue Gutenberg<br\/>65830 Kriftel<br\/>Hotline pour les chauffeurs : 0152 \/ 21 61 47 39<br\/>Web : www.auto-aufsicht.de<br\/>Courrier \u00e9lectronique : info@auto-aufsicht.de<br\/>Contact : Gloria Cuellar<\/p>\n\n<p>Num\u00e9ro de TVA : DE293701605<\/p>\n\n<p>Nous utilisons le <a href=\"https:\/\/www.parkstar.de\/\" target=\"_blank\" rel=\"noreferrer noopener\">logiciel de parking d&rsquo;a\u00e9roport<\/a> Parkstar<\/p>\n","protected":false},"excerpt":{"rendered":"<p>Auto-Aufsicht En. Angelo Nettuno7, rue Gutenberg65830 KriftelHotline pour les chauffeurs : 0152 \/ 21 61 47 39Web : www.auto-aufsicht.deCourrier \u00e9lectronique : info@auto-aufsicht.deContact : Gloria Cuellar Num\u00e9ro de TVA : DE293701605 Nous utilisons le logiciel de parking d&rsquo;a\u00e9roport Parkstar<\/p>\n","protected":false},"author":1,"featured_media":0,"parent":0,"menu_order":0,"comment_status":"closed","ping_status":"closed","template":"","meta":{"footnotes":""},"class_list":["post-598","page","type-page","status-publish","hentry"],"yoast_head":"<!-- This site is optimized with the Yoast SEO plugin v27.5 - https:\/\/yoast.com\/product\/yoast-seo-wordpress\/ -->\n<title>Mentions l\u00e9gales | Auto-Aufsicht<\/title>\n<meta name=\"robots\" content=\"index, follow, max-snippet:-1, max-image-preview:large, max-video-preview:-1\" \/>\n<link rel=\"canonical\" href=\"https:\/\/auto-aufsicht.de\/fr\/mentions-legales\/\" \/>\n<meta property=\"og:locale\" content=\"fr_FR\" \/>\n<meta property=\"og:type\" content=\"article\" \/>\n<meta property=\"og:title\" content=\"Mentions l\u00e9gales | Auto-Aufsicht\" \/>\n<meta property=\"og:description\" content=\"Auto-Aufsicht En. Angelo Nettuno7, rue Gutenberg65830 KriftelHotline pour les chauffeurs : 0152 \/ 21 61 47 39Web : www.auto-aufsicht.deCourrier \u00e9lectronique : info@auto-aufsicht.deContact : Gloria Cuellar Num\u00e9ro de TVA : DE293701605 Nous utilisons le logiciel de parking d&rsquo;a\u00e9roport Parkstar\" \/>\n<meta property=\"og:url\" content=\"https:\/\/auto-aufsicht.de\/fr\/mentions-legales\/\" \/>\n<meta property=\"og:site_name\" content=\"Auto-Aufsicht\" \/>\n<meta property=\"article:publisher\" content=\"https:\/\/www.facebook.com\/autoaufsicht\" \/>\n<meta property=\"article:modified_time\" content=\"2024-04-08T09:35:23+00:00\" \/>\n<meta property=\"og:image\" content=\"https:\/\/auto-aufsicht.de\/wp-content\/uploads\/2024\/03\/auto-aufsicht-opengraph.jpg\" \/>\n\t<meta property=\"og:image:width\" content=\"1200\" \/>\n\t<meta property=\"og:image:height\" content=\"675\" \/>\n\t<meta property=\"og:image:type\" content=\"image\/jpeg\" \/>\n<meta name=\"twitter:card\" content=\"summary_large_image\" \/>\n<script type=\"application\/ld+json\" class=\"yoast-schema-graph\">{\"@context\":\"https:\\\/\\\/schema.org\",\"@graph\":[{\"@type\":\"WebPage\",\"@id\":\"https:\\\/\\\/auto-aufsicht.de\\\/fr\\\/mentions-legales\\\/\",\"url\":\"https:\\\/\\\/auto-aufsicht.de\\\/fr\\\/mentions-legales\\\/\",\"name\":\"Mentions l\u00e9gales | Auto-Aufsicht\",\"isPartOf\":{\"@id\":\"https:\\\/\\\/auto-aufsicht.de\\\/fr\\\/#website\"},\"datePublished\":\"2024-02-22T14:07:59+00:00\",\"dateModified\":\"2024-04-08T09:35:23+00:00\",\"breadcrumb\":{\"@id\":\"https:\\\/\\\/auto-aufsicht.de\\\/fr\\\/mentions-legales\\\/#breadcrumb\"},\"inLanguage\":\"fr-FR\",\"potentialAction\":[{\"@type\":\"ReadAction\",\"target\":[\"https:\\\/\\\/auto-aufsicht.de\\\/fr\\\/mentions-legales\\\/\"]}]},{\"@type\":\"BreadcrumbList\",\"@id\":\"https:\\\/\\\/auto-aufsicht.de\\\/fr\\\/mentions-legales\\\/#breadcrumb\",\"itemListElement\":[{\"@type\":\"ListItem\",\"position\":1,\"name\":\"Startseite\",\"item\":\"https:\\\/\\\/auto-aufsicht.de\\\/fr\\\/accueil\\\/\"},{\"@type\":\"ListItem\",\"position\":2,\"name\":\"Mentions l\u00e9gales\"}]},{\"@type\":\"WebSite\",\"@id\":\"https:\\\/\\\/auto-aufsicht.de\\\/fr\\\/#website\",\"url\":\"https:\\\/\\\/auto-aufsicht.de\\\/fr\\\/\",\"name\":\"Auto-Aufsicht\",\"description\":\"Parken am Flughafen Frankfurt am Main\",\"publisher\":{\"@id\":\"https:\\\/\\\/auto-aufsicht.de\\\/fr\\\/#organization\"},\"potentialAction\":[{\"@type\":\"SearchAction\",\"target\":{\"@type\":\"EntryPoint\",\"urlTemplate\":\"https:\\\/\\\/auto-aufsicht.de\\\/fr\\\/?s={search_term_string}\"},\"query-input\":{\"@type\":\"PropertyValueSpecification\",\"valueRequired\":true,\"valueName\":\"search_term_string\"}}],\"inLanguage\":\"fr-FR\"},{\"@type\":\"Organization\",\"@id\":\"https:\\\/\\\/auto-aufsicht.de\\\/fr\\\/#organization\",\"name\":\"Auto-Aufsicht\",\"url\":\"https:\\\/\\\/auto-aufsicht.de\\\/fr\\\/\",\"logo\":{\"@type\":\"ImageObject\",\"inLanguage\":\"fr-FR\",\"@id\":\"https:\\\/\\\/auto-aufsicht.de\\\/fr\\\/#\\\/schema\\\/logo\\\/image\\\/\",\"url\":\"https:\\\/\\\/auto-aufsicht.de\\\/wp-content\\\/uploads\\\/2023\\\/06\\\/Auto-Aufsicht-Logo.svg\",\"contentUrl\":\"https:\\\/\\\/auto-aufsicht.de\\\/wp-content\\\/uploads\\\/2023\\\/06\\\/Auto-Aufsicht-Logo.svg\",\"width\":67,\"height\":33,\"caption\":\"Auto-Aufsicht\"},\"image\":{\"@id\":\"https:\\\/\\\/auto-aufsicht.de\\\/fr\\\/#\\\/schema\\\/logo\\\/image\\\/\"},\"sameAs\":[\"https:\\\/\\\/www.facebook.com\\\/autoaufsicht\"]}]}<\/script>\n<!-- \/ Yoast SEO plugin. -->","yoast_head_json":{"title":"Mentions l\u00e9gales | Auto-Aufsicht","robots":{"index":"index","follow":"follow","max-snippet":"max-snippet:-1","max-image-preview":"max-image-preview:large","max-video-preview":"max-video-preview:-1"},"canonical":"https:\/\/auto-aufsicht.de\/fr\/mentions-legales\/","og_locale":"fr_FR","og_type":"article","og_title":"Mentions l\u00e9gales | Auto-Aufsicht","og_description":"Auto-Aufsicht En. Angelo Nettuno7, rue Gutenberg65830 KriftelHotline pour les chauffeurs : 0152 \/ 21 61 47 39Web : www.auto-aufsicht.deCourrier \u00e9lectronique : info@auto-aufsicht.deContact : Gloria Cuellar Num\u00e9ro de TVA : DE293701605 Nous utilisons le logiciel de parking d&rsquo;a\u00e9roport Parkstar","og_url":"https:\/\/auto-aufsicht.de\/fr\/mentions-legales\/","og_site_name":"Auto-Aufsicht","article_publisher":"https:\/\/www.facebook.com\/autoaufsicht","article_modified_time":"2024-04-08T09:35:23+00:00","og_image":[{"width":1200,"height":675,"url":"https:\/\/auto-aufsicht.de\/wp-content\/uploads\/2024\/03\/auto-aufsicht-opengraph.jpg","type":"image\/jpeg"}],"twitter_card":"summary_large_image","schema":{"@context":"https:\/\/schema.org","@graph":[{"@type":"WebPage","@id":"https:\/\/auto-aufsicht.de\/fr\/mentions-legales\/","url":"https:\/\/auto-aufsicht.de\/fr\/mentions-legales\/","name":"Mentions l\u00e9gales | Auto-Aufsicht","isPartOf":{"@id":"https:\/\/auto-aufsicht.de\/fr\/#website"},"datePublished":"2024-02-22T14:07:59+00:00","dateModified":"2024-04-08T09:35:23+00:00","breadcrumb":{"@id":"https:\/\/auto-aufsicht.de\/fr\/mentions-legales\/#breadcrumb"},"inLanguage":"fr-FR","potentialAction":[{"@type":"ReadAction","target":["https:\/\/auto-aufsicht.de\/fr\/mentions-legales\/"]}]},{"@type":"BreadcrumbList","@id":"https:\/\/auto-aufsicht.de\/fr\/mentions-legales\/#breadcrumb","itemListElement":[{"@type":"ListItem","position":1,"name":"Startseite","item":"https:\/\/auto-aufsicht.de\/fr\/accueil\/"},{"@type":"ListItem","position":2,"name":"Mentions l\u00e9gales"}]},{"@type":"WebSite","@id":"https:\/\/auto-aufsicht.de\/fr\/#website","url":"https:\/\/auto-aufsicht.de\/fr\/","name":"Auto-Aufsicht","description":"Parken am Flughafen Frankfurt am Main","publisher":{"@id":"https:\/\/auto-aufsicht.de\/fr\/#organization"},"potentialAction":[{"@type":"SearchAction","target":{"@type":"EntryPoint","urlTemplate":"https:\/\/auto-aufsicht.de\/fr\/?s={search_term_string}"},"query-input":{"@type":"PropertyValueSpecification","valueRequired":true,"valueName":"search_term_string"}}],"inLanguage":"fr-FR"},{"@type":"Organization","@id":"https:\/\/auto-aufsicht.de\/fr\/#organization","name":"Auto-Aufsicht","url":"https:\/\/auto-aufsicht.de\/fr\/","logo":{"@type":"ImageObject","inLanguage":"fr-FR","@id":"https:\/\/auto-aufsicht.de\/fr\/#\/schema\/logo\/image\/","url":"https:\/\/auto-aufsicht.de\/wp-content\/uploads\/2023\/06\/Auto-Aufsicht-Logo.svg","contentUrl":"https:\/\/auto-aufsicht.de\/wp-content\/uploads\/2023\/06\/Auto-Aufsicht-Logo.svg","width":67,"height":33,"caption":"Auto-Aufsicht"},"image":{"@id":"https:\/\/auto-aufsicht.de\/fr\/#\/schema\/logo\/image\/"},"sameAs":["https:\/\/www.facebook.com\/autoaufsicht"]}]}},"_links":{"self":[{"href":"https:\/\/auto-aufsicht.de\/fr\/wp-json\/wp\/v2\/pages\/598","targetHints":{"allow":["GET"]}}],"collection":[{"href":"https:\/\/auto-aufsicht.de\/fr\/wp-json\/wp\/v2\/pages"}],"about":[{"href":"https:\/\/auto-aufsicht.de\/fr\/wp-json\/wp\/v2\/types\/page"}],"author":[{"embeddable":true,"href":"https:\/\/auto-aufsicht.de\/fr\/wp-json\/wp\/v2\/users\/1"}],"replies":[{"embeddable":true,"href":"https:\/\/auto-aufsicht.de\/fr\/wp-json\/wp\/v2\/comments?post=598"}],"version-history":[{"count":2,"href":"https:\/\/auto-aufsicht.de\/fr\/wp-json\/wp\/v2\/pages\/598\/revisions"}],"predecessor-version":[{"id":1026,"href":"https:\/\/auto-aufsicht.de\/fr\/wp-json\/wp\/v2\/pages\/598\/revisions\/1026"}],"wp:attachment":[{"href":"https:\/\/auto-aufsicht.de\/fr\/wp-json\/wp\/v2\/media?parent=598"}],"curies":[{"name":"wp","href":"https:\/\/api.w.org\/{rel}","templated":true}]}}