{"id":1475,"date":"2024-04-30T10:07:24","date_gmt":"2024-04-30T08:07:24","guid":{"rendered":"https:\/\/auto-aufsicht.de\/merci-pour-votre-reservation\/"},"modified":"2024-04-30T10:17:27","modified_gmt":"2024-04-30T08:17:27","slug":"merci-pour-votre-reservation","status":"publish","type":"page","link":"https:\/\/auto-aufsicht.de\/fr\/merci-pour-votre-reservation\/","title":{"rendered":"Merci pour votre r\u00e9servation"},"content":{"rendered":"\t\t<div data-elementor-type=\"wp-page\" data-elementor-id=\"1475\" class=\"elementor elementor-1475 elementor-1471\" data-elementor-post-type=\"page\">\n\t\t\t\t<div class=\"elementor-element elementor-element-620ae51b e-flex e-con-boxed e-con e-parent\" data-id=\"620ae51b\" data-element_type=\"container\" data-e-type=\"container\">\n\t\t\t\t\t<div class=\"e-con-inner\">\n\t\t\t\t<div class=\"elementor-element elementor-element-114ebe6 elementor-widget elementor-widget-image\" data-id=\"114ebe6\" data-element_type=\"widget\" data-e-type=\"widget\" data-widget_type=\"image.default\">\n\t\t\t\t<div class=\"elementor-widget-container\">\n\t\t\t\t\t\t\t\t\t\t\t\t\t\t\t<img decoding=\"async\" width=\"1\" height=\"1\" src=\"https:\/\/auto-aufsicht.de\/wp-content\/uploads\/2024\/04\/booking_checked.svg\" class=\"attachment-large size-large wp-image-1510\" alt=\"\" \/>\t\t\t\t\t\t\t\t\t\t\t\t\t\t\t<\/div>\n\t\t\t\t<\/div>\n\t\t\t\t<div class=\"elementor-element elementor-element-295dbe1c elementor-widget elementor-widget-text-editor\" data-id=\"295dbe1c\" data-element_type=\"widget\" data-e-type=\"widget\" data-widget_type=\"text-editor.default\">\n\t\t\t\t<div class=\"elementor-widget-container\">\n\t\t\t\t\t\t\t\t\t\n<p>Nous avons bien re\u00e7u votre r\u00e9servation de place de parking et nous vous la transmettrons.<br><strong>confirmer par e-mail<\/strong> sous peu.<\/p>\n\n<p>Nous avons bien re\u00e7u votre paiement via <strong>Paypal<\/strong>.<\/p>\n\n<p>Nous nous r\u00e9jouissons de votre visite !<\/p>\n\t\t\t\t\t\t\t\t<\/div>\n\t\t\t\t<\/div>\n\t\t\t\t<div class=\"elementor-element elementor-element-af8f0d0 elementor-widget elementor-widget-html\" data-id=\"af8f0d0\" data-element_type=\"widget\" data-e-type=\"widget\" data-widget_type=\"html.default\">\n\t\t\t\t<div class=\"elementor-widget-container\">\n\t\t\t\t\t<img decoding=\"async\" src=\"http:\/\/www.parkplatzvergleich.de\/danke.php?pp=1304\" alt=\"\" width=\"1\" height=\"1\">\n<img decoding=\"async\" src=\"http:\/\/flughafen-parkplaetze.de\/de\/?route=content\/parkplace\/booking&amp;parkplace_id=154\" alt=\"\" width=\"1\" height=\"1\">\n\n<!-- Google Code for Buchung Conversion Page --> <script type=\"text\/javascript\">\n\/* <![CDATA[ *\/ var google_conversion_id = 976190721; var google_conversion_language = \"de\"; var google_conversion_format = \"1\"; var google_conversion_color = \"ffffff\"; var google_conversion_label = \"FXklCM_ekQoQgfq90QM\"; var google_remarketing_only = false; \/* ]]> *\/\n<\/script>\n<script type=\"text\/javascript\" src=\"\/\/www.googleadservices.com\/pagead\/conversion.js\">\n<\/script>\n<noscript>\n<div style=\"display:inline;\">\n<img loading=\"lazy\" decoding=\"async\" height=\"1\" width=\"1\" style=\"border-style:none;\" alt=\"\" src=\"\/\/www.googleadservices.com\/pagead\/conversion\/970454500\/?label=isQACK2g7%20FcQ5OvfzgM&amp;guid=ON&amp;script=0\"><\/div>\n<\/noscript>\t\t\t\t<\/div>\n\t\t\t\t<\/div>\n\t\t\t\t\t<\/div>\n\t\t\t\t<\/div>\n\t\t\t\t<\/div>\n\t\t","protected":false},"excerpt":{"rendered":"<p>Nous avons bien re\u00e7u votre r\u00e9servation de place de parking et nous vous la transmettrons.confirmer par e-mail sous peu. Nous avons bien re\u00e7u votre paiement via Paypal. Nous nous r\u00e9jouissons de votre visite !<\/p>\n","protected":false},"author":1,"featured_media":0,"parent":0,"menu_order":0,"comment_status":"closed","ping_status":"closed","template":"","meta":{"footnotes":""},"class_list":["post-1475","page","type-page","status-publish","hentry"],"yoast_head":"<!-- This site is optimized with the Yoast SEO plugin v27.5 - https:\/\/yoast.com\/product\/yoast-seo-wordpress\/ -->\n<title>Merci pour votre r\u00e9servation | Auto-Aufsicht<\/title>\n<meta name=\"robots\" content=\"index, follow, max-snippet:-1, max-image-preview:large, max-video-preview:-1\" \/>\n<link rel=\"canonical\" href=\"https:\/\/auto-aufsicht.de\/fr\/merci-pour-votre-reservation\/\" \/>\n<meta property=\"og:locale\" content=\"fr_FR\" \/>\n<meta property=\"og:type\" content=\"article\" \/>\n<meta property=\"og:title\" content=\"Merci pour votre r\u00e9servation | Auto-Aufsicht\" \/>\n<meta property=\"og:description\" content=\"Nous avons bien re\u00e7u votre r\u00e9servation de place de parking et nous vous la transmettrons.confirmer par e-mail sous peu. Nous avons bien re\u00e7u votre paiement via Paypal. Nous nous r\u00e9jouissons de votre visite !\" \/>\n<meta property=\"og:url\" content=\"https:\/\/auto-aufsicht.de\/fr\/merci-pour-votre-reservation\/\" \/>\n<meta property=\"og:site_name\" content=\"Auto-Aufsicht\" \/>\n<meta property=\"article:publisher\" content=\"https:\/\/www.facebook.com\/autoaufsicht\" \/>\n<meta property=\"article:modified_time\" content=\"2024-04-30T08:17:27+00:00\" \/>\n<meta property=\"og:image\" content=\"https:\/\/auto-aufsicht.de\/wp-content\/uploads\/2024\/04\/booking_checked.svg\" \/>\n<meta name=\"twitter:card\" content=\"summary_large_image\" \/>\n<script type=\"application\/ld+json\" class=\"yoast-schema-graph\">{\"@context\":\"https:\\\/\\\/schema.org\",\"@graph\":[{\"@type\":\"WebPage\",\"@id\":\"https:\\\/\\\/auto-aufsicht.de\\\/fr\\\/merci-pour-votre-reservation\\\/\",\"url\":\"https:\\\/\\\/auto-aufsicht.de\\\/fr\\\/merci-pour-votre-reservation\\\/\",\"name\":\"Merci pour votre r\u00e9servation | Auto-Aufsicht\",\"isPartOf\":{\"@id\":\"https:\\\/\\\/auto-aufsicht.de\\\/fr\\\/#website\"},\"primaryImageOfPage\":{\"@id\":\"https:\\\/\\\/auto-aufsicht.de\\\/fr\\\/merci-pour-votre-reservation\\\/#primaryimage\"},\"image\":{\"@id\":\"https:\\\/\\\/auto-aufsicht.de\\\/fr\\\/merci-pour-votre-reservation\\\/#primaryimage\"},\"thumbnailUrl\":\"https:\\\/\\\/auto-aufsicht.de\\\/wp-content\\\/uploads\\\/2024\\\/04\\\/booking_checked.svg\",\"datePublished\":\"2024-04-30T08:07:24+00:00\",\"dateModified\":\"2024-04-30T08:17:27+00:00\",\"breadcrumb\":{\"@id\":\"https:\\\/\\\/auto-aufsicht.de\\\/fr\\\/merci-pour-votre-reservation\\\/#breadcrumb\"},\"inLanguage\":\"fr-FR\",\"potentialAction\":[{\"@type\":\"ReadAction\",\"target\":[\"https:\\\/\\\/auto-aufsicht.de\\\/fr\\\/merci-pour-votre-reservation\\\/\"]}]},{\"@type\":\"ImageObject\",\"inLanguage\":\"fr-FR\",\"@id\":\"https:\\\/\\\/auto-aufsicht.de\\\/fr\\\/merci-pour-votre-reservation\\\/#primaryimage\",\"url\":\"https:\\\/\\\/auto-aufsicht.de\\\/wp-content\\\/uploads\\\/2024\\\/04\\\/booking_checked.svg\",\"contentUrl\":\"https:\\\/\\\/auto-aufsicht.de\\\/wp-content\\\/uploads\\\/2024\\\/04\\\/booking_checked.svg\"},{\"@type\":\"BreadcrumbList\",\"@id\":\"https:\\\/\\\/auto-aufsicht.de\\\/fr\\\/merci-pour-votre-reservation\\\/#breadcrumb\",\"itemListElement\":[{\"@type\":\"ListItem\",\"position\":1,\"name\":\"Startseite\",\"item\":\"https:\\\/\\\/auto-aufsicht.de\\\/fr\\\/accueil\\\/\"},{\"@type\":\"ListItem\",\"position\":2,\"name\":\"Merci pour votre r\u00e9servation\"}]},{\"@type\":\"WebSite\",\"@id\":\"https:\\\/\\\/auto-aufsicht.de\\\/fr\\\/#website\",\"url\":\"https:\\\/\\\/auto-aufsicht.de\\\/fr\\\/\",\"name\":\"Auto-Aufsicht\",\"description\":\"Parken am Flughafen Frankfurt am Main\",\"publisher\":{\"@id\":\"https:\\\/\\\/auto-aufsicht.de\\\/fr\\\/#organization\"},\"potentialAction\":[{\"@type\":\"SearchAction\",\"target\":{\"@type\":\"EntryPoint\",\"urlTemplate\":\"https:\\\/\\\/auto-aufsicht.de\\\/fr\\\/?s={search_term_string}\"},\"query-input\":{\"@type\":\"PropertyValueSpecification\",\"valueRequired\":true,\"valueName\":\"search_term_string\"}}],\"inLanguage\":\"fr-FR\"},{\"@type\":\"Organization\",\"@id\":\"https:\\\/\\\/auto-aufsicht.de\\\/fr\\\/#organization\",\"name\":\"Auto-Aufsicht\",\"url\":\"https:\\\/\\\/auto-aufsicht.de\\\/fr\\\/\",\"logo\":{\"@type\":\"ImageObject\",\"inLanguage\":\"fr-FR\",\"@id\":\"https:\\\/\\\/auto-aufsicht.de\\\/fr\\\/#\\\/schema\\\/logo\\\/image\\\/\",\"url\":\"https:\\\/\\\/auto-aufsicht.de\\\/wp-content\\\/uploads\\\/2023\\\/06\\\/Auto-Aufsicht-Logo.svg\",\"contentUrl\":\"https:\\\/\\\/auto-aufsicht.de\\\/wp-content\\\/uploads\\\/2023\\\/06\\\/Auto-Aufsicht-Logo.svg\",\"width\":67,\"height\":33,\"caption\":\"Auto-Aufsicht\"},\"image\":{\"@id\":\"https:\\\/\\\/auto-aufsicht.de\\\/fr\\\/#\\\/schema\\\/logo\\\/image\\\/\"},\"sameAs\":[\"https:\\\/\\\/www.facebook.com\\\/autoaufsicht\"]}]}<\/script>\n<!-- \/ Yoast SEO plugin. -->","yoast_head_json":{"title":"Merci pour votre r\u00e9servation | Auto-Aufsicht","robots":{"index":"index","follow":"follow","max-snippet":"max-snippet:-1","max-image-preview":"max-image-preview:large","max-video-preview":"max-video-preview:-1"},"canonical":"https:\/\/auto-aufsicht.de\/fr\/merci-pour-votre-reservation\/","og_locale":"fr_FR","og_type":"article","og_title":"Merci pour votre r\u00e9servation | Auto-Aufsicht","og_description":"Nous avons bien re\u00e7u votre r\u00e9servation de place de parking et nous vous la transmettrons.confirmer par e-mail sous peu. Nous avons bien re\u00e7u votre paiement via Paypal. Nous nous r\u00e9jouissons de votre visite !","og_url":"https:\/\/auto-aufsicht.de\/fr\/merci-pour-votre-reservation\/","og_site_name":"Auto-Aufsicht","article_publisher":"https:\/\/www.facebook.com\/autoaufsicht","article_modified_time":"2024-04-30T08:17:27+00:00","og_image":[{"url":"https:\/\/auto-aufsicht.de\/wp-content\/uploads\/2024\/04\/booking_checked.svg","type":"","width":"","height":""}],"twitter_card":"summary_large_image","schema":{"@context":"https:\/\/schema.org","@graph":[{"@type":"WebPage","@id":"https:\/\/auto-aufsicht.de\/fr\/merci-pour-votre-reservation\/","url":"https:\/\/auto-aufsicht.de\/fr\/merci-pour-votre-reservation\/","name":"Merci pour votre r\u00e9servation | Auto-Aufsicht","isPartOf":{"@id":"https:\/\/auto-aufsicht.de\/fr\/#website"},"primaryImageOfPage":{"@id":"https:\/\/auto-aufsicht.de\/fr\/merci-pour-votre-reservation\/#primaryimage"},"image":{"@id":"https:\/\/auto-aufsicht.de\/fr\/merci-pour-votre-reservation\/#primaryimage"},"thumbnailUrl":"https:\/\/auto-aufsicht.de\/wp-content\/uploads\/2024\/04\/booking_checked.svg","datePublished":"2024-04-30T08:07:24+00:00","dateModified":"2024-04-30T08:17:27+00:00","breadcrumb":{"@id":"https:\/\/auto-aufsicht.de\/fr\/merci-pour-votre-reservation\/#breadcrumb"},"inLanguage":"fr-FR","potentialAction":[{"@type":"ReadAction","target":["https:\/\/auto-aufsicht.de\/fr\/merci-pour-votre-reservation\/"]}]},{"@type":"ImageObject","inLanguage":"fr-FR","@id":"https:\/\/auto-aufsicht.de\/fr\/merci-pour-votre-reservation\/#primaryimage","url":"https:\/\/auto-aufsicht.de\/wp-content\/uploads\/2024\/04\/booking_checked.svg","contentUrl":"https:\/\/auto-aufsicht.de\/wp-content\/uploads\/2024\/04\/booking_checked.svg"},{"@type":"BreadcrumbList","@id":"https:\/\/auto-aufsicht.de\/fr\/merci-pour-votre-reservation\/#breadcrumb","itemListElement":[{"@type":"ListItem","position":1,"name":"Startseite","item":"https:\/\/auto-aufsicht.de\/fr\/accueil\/"},{"@type":"ListItem","position":2,"name":"Merci pour votre r\u00e9servation"}]},{"@type":"WebSite","@id":"https:\/\/auto-aufsicht.de\/fr\/#website","url":"https:\/\/auto-aufsicht.de\/fr\/","name":"Auto-Aufsicht","description":"Parken am Flughafen Frankfurt am Main","publisher":{"@id":"https:\/\/auto-aufsicht.de\/fr\/#organization"},"potentialAction":[{"@type":"SearchAction","target":{"@type":"EntryPoint","urlTemplate":"https:\/\/auto-aufsicht.de\/fr\/?s={search_term_string}"},"query-input":{"@type":"PropertyValueSpecification","valueRequired":true,"valueName":"search_term_string"}}],"inLanguage":"fr-FR"},{"@type":"Organization","@id":"https:\/\/auto-aufsicht.de\/fr\/#organization","name":"Auto-Aufsicht","url":"https:\/\/auto-aufsicht.de\/fr\/","logo":{"@type":"ImageObject","inLanguage":"fr-FR","@id":"https:\/\/auto-aufsicht.de\/fr\/#\/schema\/logo\/image\/","url":"https:\/\/auto-aufsicht.de\/wp-content\/uploads\/2023\/06\/Auto-Aufsicht-Logo.svg","contentUrl":"https:\/\/auto-aufsicht.de\/wp-content\/uploads\/2023\/06\/Auto-Aufsicht-Logo.svg","width":67,"height":33,"caption":"Auto-Aufsicht"},"image":{"@id":"https:\/\/auto-aufsicht.de\/fr\/#\/schema\/logo\/image\/"},"sameAs":["https:\/\/www.facebook.com\/autoaufsicht"]}]}},"_links":{"self":[{"href":"https:\/\/auto-aufsicht.de\/fr\/wp-json\/wp\/v2\/pages\/1475","targetHints":{"allow":["GET"]}}],"collection":[{"href":"https:\/\/auto-aufsicht.de\/fr\/wp-json\/wp\/v2\/pages"}],"about":[{"href":"https:\/\/auto-aufsicht.de\/fr\/wp-json\/wp\/v2\/types\/page"}],"author":[{"embeddable":true,"href":"https:\/\/auto-aufsicht.de\/fr\/wp-json\/wp\/v2\/users\/1"}],"replies":[{"embeddable":true,"href":"https:\/\/auto-aufsicht.de\/fr\/wp-json\/wp\/v2\/comments?post=1475"}],"version-history":[{"count":7,"href":"https:\/\/auto-aufsicht.de\/fr\/wp-json\/wp\/v2\/pages\/1475\/revisions"}],"predecessor-version":[{"id":1524,"href":"https:\/\/auto-aufsicht.de\/fr\/wp-json\/wp\/v2\/pages\/1475\/revisions\/1524"}],"wp:attachment":[{"href":"https:\/\/auto-aufsicht.de\/fr\/wp-json\/wp\/v2\/media?parent=1475"}],"curies":[{"name":"wp","href":"https:\/\/api.w.org\/{rel}","templated":true}]}}