{"id":614,"date":"2024-02-22T15:09:25","date_gmt":"2024-02-22T14:09:25","guid":{"rendered":"https:\/\/auto-aufsicht.de\/agbs\/"},"modified":"2024-03-28T13:04:54","modified_gmt":"2024-03-28T12:04:54","slug":"condiciones-generales","status":"publish","type":"page","link":"https:\/\/auto-aufsicht.de\/es\/condiciones-generales\/","title":{"rendered":"Condiciones generales"},"content":{"rendered":"\n<p>Lo siguiente se aplica a todos los enlaces de nuestro sitio web: nos distanciamos expresamente del contenido y no aceptamos ninguna responsabilidad por el contenido de las p\u00e1ginas a las que se proporcionan enlaces en nuestro sitio web.<\/p>\n\n<h2 class=\"wp-block-heading\">AGB &#8211; Condiciones generales<\/h2>\n\n<h3 class=\"wp-block-heading\">\u00a7 1 Generalidades<\/h3>\n\n<p>Todos los servicios ofrecidos por Auto-Aufsicht (en lo sucesivo, el operador del aparcamiento) est\u00e1n sujetos a las siguientes Condiciones Generales. Ser\u00e1 determinante la versi\u00f3n vigente en el momento de la celebraci\u00f3n del contrato. Al hacer una reserva, el cliente acepta las Condiciones Generales del operador del aparcamiento. Las disposiciones divergentes no se aplicar\u00e1n a menos que sean reconocidas por escrito por la empresa explotadora del aparcamiento. El contrato se perfecciona con la oferta del cliente y la aceptaci\u00f3n de la misma por parte del operador del aparcamiento en forma de confirmaci\u00f3n escrita de la reserva. El cliente est\u00e1 obligado a comprobar si hay errores en la confirmaci\u00f3n de la reserva y a notificar a tiempo al operador del aparcamiento cualquier informaci\u00f3n incorrecta. Si un tercero ha efectuado la reserva, responder\u00e1 como deudor solidario de todas las obligaciones contractuales junto con la parte contratante especificada.<\/p>\n\n<h3 class=\"wp-block-heading\">\u00a7 2 \u00c1mbito de aplicaci\u00f3n<\/h3>\n\n<p>Las presentes Condiciones Generales se aplican a todos los servicios prestados en virtud del contrato con el operador del aparcamiento.<\/p>\n\n<h3 class=\"wp-block-heading\">\u00a7 3 Objeto del contrato<\/h3>\n\n<p>El objeto del contrato es el alquiler de una plaza de aparcamiento para veh\u00edculos de motor, as\u00ed como el traslado al aeropuerto (denominado servicio de lanzadera, 1 viaje de ida y vuelta por veh\u00edculo) o el traslado de un veh\u00edculo (denominado servicio de aparcacoches, tambi\u00e9n 1 viaje de ida y vuelta por veh\u00edculo). Otros servicios adicionales acordados por escrito tambi\u00e9n son objeto del contrato.<\/p>\n\n<p>El servicio de lanzadera incluye un servicio de aparcamiento en las instalaciones de la empresa. El transporte se realiza a partir de la hora reservada. No hay derecho a transporte inmediato. El estacionamiento y desestacionamiento de veh\u00edculos s\u00f3lo lo realiza el personal de la empresa explotadora del aparcamiento. La entrega de llaves es necesaria por razones organizativas. Sin embargo, el veh\u00edculo del inquilino nunca sale de las instalaciones videovigiladas. La llave del veh\u00edculo se guarda en una caja fuerte. Con el servicio de aparcacoches, los veh\u00edculos pueden estacionarse temporalmente en aparcamientos seguros directamente en el aeropuerto de Fr\u00e1ncfort si es necesario y para facilitar la finalidad del contrato.<\/p>\n\n<p>Si el cliente necesita m\u00e1s viajes, se cobrar\u00e1n 15 euros por cada viaje adicional para un m\u00e1ximo de cuatro personas. Antes de aparcar el veh\u00edculo, el arrendatario est\u00e1 obligado a retirar todos los objetos de valor de su veh\u00edculo.<\/p>\n\n<p>Auto Aufsicht tiene un derecho legal de retenci\u00f3n sobre el veh\u00edculo alquilado por las reclamaciones existentes derivadas del contrato de alquiler. Auto-Aufsicht tambi\u00e9n est\u00e1 autorizada a retirar los veh\u00edculos estacionados de las instalaciones de la empresa por cuenta y riesgo del cliente si, por ejemplo<\/p>\n\n<ul class=\"wp-block-list\">\n<li>se rescinde el contrato de arrendamiento y no se puede contactar con el inquilino<\/li>\n\n\n\n<li>un veh\u00edculo que se ha ajustado representa un peligro general debido a defectos (por ejemplo, fugas en el dep\u00f3sito, etc.)<\/li>\n\n\n\n<li>un veh\u00edculo alquilado no se registra en la polic\u00eda o es retirado de la circulaci\u00f3n por las autoridades durante la vigencia del contrato<\/li>\n\n\n\n<li>el veh\u00edculo estaba estacionado sin autorizaci\u00f3n.<\/li>\n<\/ul>\n\n<p>Al entregar el veh\u00edculo, el cliente se asegura de que el veh\u00edculo cuenta con la cobertura de seguro exigida legalmente hasta que abandone las instalaciones de la empresa. Se proh\u00edbe al cliente realizar reparaciones en las instalaciones de la empresa (salvo por parte de servicios de aver\u00edas de emergencia autorizados), lavar o limpiar los veh\u00edculos, vaciar el agua de refrigeraci\u00f3n, los combustibles o los aceites o eliminar residuos en el veh\u00edculo en las instalaciones de la empresa. El arrendatario es responsable de las fugas de aceite u otros fluidos y de cualquier contaminaci\u00f3n causada por ellas. La contaminaci\u00f3n de la que es responsable el cliente debe ser eliminada inmediata y adecuadamente por el cliente o por un especialista. En caso contrario, la empresa explotadora del aparcamiento tendr\u00e1 derecho a hacer retirar esta suciedad a cargo del cliente. El cliente cede de antemano al gestor del aparcamiento sus propias reclamaciones contra terceros o compa\u00f1\u00edas de seguros derivadas de un siniestro, en la medida en que el gestor del aparcamiento sea considerado responsable de dicho siniestro.<\/p>\n\n<h3 class=\"wp-block-heading\">\u00a7 4 Precios y pago<\/h3>\n\n<p>Para el c\u00e1lculo del precio se aplicar\u00e1n los precios vigentes en el momento de la celebraci\u00f3n del contrato. Pueden consultarse en Internet. Los tiempos de los servicios de aparcamiento se calculan sobre la base de d\u00edas naturales o parte de ellos, por lo que el d\u00eda de llegada y el d\u00eda de salida de los locales cuentan cada uno como un d\u00eda completo.<\/p>\n\n<p>La tarifa por la parcela reservada y otros servicios se paga por adelantado (transferencia bancaria o PayPal) o en efectivo a la llegada como muy tarde. Auto Aufsicht podr\u00e1 negarse a devolver el veh\u00edculo hasta que el importe de la factura haya sido abonado en su totalidad. Si se prolonga el periodo de aparcamiento, se cobrar\u00e1n 10 euros por d\u00eda.<\/p>\n\n<p>En caso de cambio de fecha y\/o hora de aterrizaje o cancelaci\u00f3n del vuelo de regreso con poca antelaci\u00f3n, deber\u00e1 comunicarse lo antes posible por tel\u00e9fono, SMS, WhatsApp o correo electr\u00f3nico (a info@auto-aufsicht.de), indicando la nueva fecha, hora de aterrizaje y n\u00famero de vuelo. De lo contrario, se cobrar\u00e1 una indemnizaci\u00f3n de 35 euros por las reservas de lanzadera y de 45 euros por las reservas de aparcacoches en caso de no presentarse al d\u00eda siguiente. Por cada d\u00eda adicional a partir de entonces, se cobrar\u00e1n 10 euros (costes de ampliaci\u00f3n est\u00e1ndar).<\/p>\n\n<p>En caso de recogida despu\u00e9s de las 00:15, se cobrar\u00e1n 15 euros por cada hora o fracci\u00f3n.<\/p>\n\n<h3 class=\"wp-block-heading\">\u00a7 5 Anulaci\u00f3n e indemnizaci\u00f3n<\/h3>\n\n<p>La cancelaci\u00f3n es posible sin cargo alguno hasta 48 horas antes del d\u00eda de llegada. El d\u00eda de llegada es a partir de las 00:00. Las cancelaciones deben hacerse por escrito. En caso de cancelaci\u00f3n posterior, deber\u00e1 abonarse el importe \u00edntegro de la factura. Esto no afecta a la anulaci\u00f3n mutua por causa justificada. Esto se aplica en caso de fuerza mayor, enfermedad, fallecimiento o disturbios pol\u00edticos en el lugar de destino. En caso necesario, deber\u00e1n demostrarse por escrito.<\/p>\n\n<h3 class=\"wp-block-heading\">\u00a7 6 Responsabilidad \/ Exclusi\u00f3n de responsabilidad<\/h3>\n\n<p>El operador del aparcamiento es responsable de todos los da\u00f1os causados culpablemente por \u00e9l o sus empleados en virtud de las disposiciones legales sobre responsabilidad (dolo y negligencia grave). Queda excluida cualquier otra responsabilidad, como da\u00f1os al equipaje y su contenido durante el transporte. En caso de negligencia leve, la responsabilidad por da\u00f1os y perjuicios s\u00f3lo surgir\u00e1 si es atribuible al incumplimiento de una obligaci\u00f3n contractual esencial de forma que ponga en peligro la finalidad del contrato. En estos casos, la responsabilidad se limita a los da\u00f1os previsibles t\u00edpicos del contrato. El cliente tambi\u00e9n indemnizar\u00e1 al operador del aparcamiento por los da\u00f1os causados por fuerza mayor (por ejemplo, da\u00f1os por tormentas, granizo, rayos, inundaciones, excrementos de aves, etc.), as\u00ed como por los da\u00f1os causados por disturbios pol\u00edticos internos y externos, actos de guerra y vandalismo.<\/p>\n\n<p><strong>El cliente est\u00e1 obligado a hacer fotos de todos los lados de su propio veh\u00edculo a su llegada al aparcamiento frente a las instalaciones del operador del aparcamiento o en el aeropuerto de Fr\u00e1ncfort del Meno.  <\/strong>El gestor del aparcamiento no se hace responsable de los peque\u00f1os ara\u00f1azos y da\u00f1os menores en la pintura, as\u00ed como de los desconchones de piedras y abolladuras que, por lo general, no eran reconocibles debido a la suciedad del veh\u00edculo o a las malas condiciones de iluminaci\u00f3n en el momento de la entrega. Esto es especialmente cierto si no se trata de da\u00f1os de aparcamiento. Lo mismo se aplica a los da\u00f1os que no suelen reconocerse en las fotograf\u00edas. Si el cliente se queja de da\u00f1os al devolver el veh\u00edculo, la carga de la prueba de que los da\u00f1os han sido causados por un empleado del operador del aparcamiento recae en el cliente. En caso de traslado del veh\u00edculo (servicio de aparcacoches), los da\u00f1os al veh\u00edculo del cliente est\u00e1n cubiertos en su totalidad por el seguro legal de responsabilidad civil (los denominados da\u00f1os a todo riesgo). Los da\u00f1os a veh\u00edculos de terceros est\u00e1n cubiertos por el seguro de responsabilidad civil del veh\u00edculo del propio cliente. Quedan excluidas las reclamaciones por da\u00f1os debidos a rebajas de categor\u00eda, etc.<\/p>\n\n<p>El cliente no tendr\u00e1 derecho a una reducci\u00f3n del precio o a una indemnizaci\u00f3n si no ha informado de los da\u00f1os al personal de supervisi\u00f3n inmediatamente y por escrito mediante correo electr\u00f3nico antes de abandonar las instalaciones a fin de evaluar los da\u00f1os. El operador del aparcamiento no se hace responsable de los da\u00f1os causados por terceros. Esto tambi\u00e9n se aplica al robo y la p\u00e9rdida de veh\u00edculos de motor, piezas del veh\u00edculo, contenido del veh\u00edculo y carga del veh\u00edculo (por ejemplo, autorradio, sistema de navegaci\u00f3n, tel\u00e9fono del coche, objetos de valor personales, ordenadores y art\u00edculos similares).<\/p>\n\n<p>Quedan excluidas las reclamaciones por da\u00f1os y perjuicios, en particular las derivadas de la p\u00e9rdida de vuelos y otras citas. Es responsabilidad del cliente disponer de tiempo suficiente. El operador del aparcamiento no est\u00e1 obligado a comprobar la hora de llegada.<\/p>\n\n<h3 class=\"wp-block-heading\">\u00a7 7 Protecci\u00f3n de datos<\/h3>\n\n<p>Los datos facilitados est\u00e1n protegidos por el operador del aparcamiento de conformidad con la Ley Federal de Protecci\u00f3n de Datos. El cliente acepta que sus datos puedan ser procesados y almacenados electr\u00f3nicamente por el operador del aparcamiento en el \u00e1mbito de la relaci\u00f3n contractual. Los datos no se transmitir\u00e1n a terceros sin autorizaci\u00f3n. Los datos se borran peri\u00f3dicamente.<\/p>\n\n<h3 class=\"wp-block-heading\">\u00a7 8 Disposiciones finales<\/h3>\n\n<p>Las modificaciones o adiciones al contrato deben hacerse en forma de texto. Si una o varias disposiciones de este contrato se apartan de la ley aplicable, la disposici\u00f3n inv\u00e1lida ser\u00e1 sustituida por una disposici\u00f3n legal v\u00e1lida que se acerque lo m\u00e1s posible a la intenci\u00f3n de la disposici\u00f3n original. Las dem\u00e1s disposiciones no se ven afectadas por ello.<\/p>\n\n<p>El lugar de jurisdicci\u00f3n es Fr\u00e1ncfort del Meno.<\/p>\n","protected":false},"excerpt":{"rendered":"<p>Lo siguiente se aplica a todos los enlaces de nuestro sitio web: nos distanciamos expresamente del contenido y no aceptamos ninguna responsabilidad por el contenido de las p\u00e1ginas a las que se proporcionan enlaces en nuestro sitio web. AGB &#8211; Condiciones generales \u00a7 1 Generalidades Todos los servicios ofrecidos por Auto-Aufsicht (en lo sucesivo, el [&hellip;]<\/p>\n","protected":false},"author":1,"featured_media":0,"parent":0,"menu_order":0,"comment_status":"closed","ping_status":"closed","template":"","meta":{"footnotes":""},"class_list":["post-614","page","type-page","status-publish","hentry"],"yoast_head":"<!-- This site is optimized with the Yoast SEO plugin v27.5 - https:\/\/yoast.com\/product\/yoast-seo-wordpress\/ -->\n<title>Condiciones generales | Auto-Aufsicht<\/title>\n<meta name=\"robots\" content=\"index, follow, max-snippet:-1, max-image-preview:large, max-video-preview:-1\" \/>\n<link rel=\"canonical\" href=\"https:\/\/auto-aufsicht.de\/es\/condiciones-generales\/\" \/>\n<meta property=\"og:locale\" content=\"es_ES\" \/>\n<meta property=\"og:type\" content=\"article\" \/>\n<meta property=\"og:title\" content=\"Condiciones generales | Auto-Aufsicht\" \/>\n<meta property=\"og:description\" content=\"Lo siguiente se aplica a todos los enlaces de nuestro sitio web: nos distanciamos expresamente del contenido y no aceptamos ninguna responsabilidad por el contenido de las p\u00e1ginas a las que se proporcionan enlaces en nuestro sitio web. AGB &#8211; Condiciones generales \u00a7 1 Generalidades Todos los servicios ofrecidos por Auto-Aufsicht (en lo sucesivo, el [&hellip;]\" \/>\n<meta property=\"og:url\" content=\"https:\/\/auto-aufsicht.de\/es\/condiciones-generales\/\" \/>\n<meta property=\"og:site_name\" content=\"Auto-Aufsicht\" \/>\n<meta property=\"article:publisher\" content=\"https:\/\/www.facebook.com\/autoaufsicht\" \/>\n<meta property=\"article:modified_time\" content=\"2024-03-28T12:04:54+00:00\" \/>\n<meta property=\"og:image\" content=\"https:\/\/auto-aufsicht.de\/wp-content\/uploads\/2024\/03\/auto-aufsicht-opengraph.jpg\" \/>\n\t<meta property=\"og:image:width\" content=\"1200\" \/>\n\t<meta property=\"og:image:height\" content=\"675\" \/>\n\t<meta property=\"og:image:type\" content=\"image\/jpeg\" \/>\n<meta name=\"twitter:card\" content=\"summary_large_image\" \/>\n<meta name=\"twitter:label1\" content=\"Tiempo de lectura\" \/>\n\t<meta name=\"twitter:data1\" content=\"9 minutos\" \/>\n<script type=\"application\/ld+json\" class=\"yoast-schema-graph\">{\"@context\":\"https:\\\/\\\/schema.org\",\"@graph\":[{\"@type\":\"WebPage\",\"@id\":\"https:\\\/\\\/auto-aufsicht.de\\\/es\\\/condiciones-generales\\\/\",\"url\":\"https:\\\/\\\/auto-aufsicht.de\\\/es\\\/condiciones-generales\\\/\",\"name\":\"Condiciones generales | Auto-Aufsicht\",\"isPartOf\":{\"@id\":\"https:\\\/\\\/auto-aufsicht.de\\\/es\\\/#website\"},\"datePublished\":\"2024-02-22T14:09:25+00:00\",\"dateModified\":\"2024-03-28T12:04:54+00:00\",\"breadcrumb\":{\"@id\":\"https:\\\/\\\/auto-aufsicht.de\\\/es\\\/condiciones-generales\\\/#breadcrumb\"},\"inLanguage\":\"es\",\"potentialAction\":[{\"@type\":\"ReadAction\",\"target\":[\"https:\\\/\\\/auto-aufsicht.de\\\/es\\\/condiciones-generales\\\/\"]}]},{\"@type\":\"BreadcrumbList\",\"@id\":\"https:\\\/\\\/auto-aufsicht.de\\\/es\\\/condiciones-generales\\\/#breadcrumb\",\"itemListElement\":[{\"@type\":\"ListItem\",\"position\":1,\"name\":\"Startseite\",\"item\":\"https:\\\/\\\/auto-aufsicht.de\\\/es\\\/inicio\\\/\"},{\"@type\":\"ListItem\",\"position\":2,\"name\":\"Condiciones generales\"}]},{\"@type\":\"WebSite\",\"@id\":\"https:\\\/\\\/auto-aufsicht.de\\\/es\\\/#website\",\"url\":\"https:\\\/\\\/auto-aufsicht.de\\\/es\\\/\",\"name\":\"Auto-Aufsicht\",\"description\":\"Parken am Flughafen Frankfurt am Main\",\"publisher\":{\"@id\":\"https:\\\/\\\/auto-aufsicht.de\\\/es\\\/#organization\"},\"potentialAction\":[{\"@type\":\"SearchAction\",\"target\":{\"@type\":\"EntryPoint\",\"urlTemplate\":\"https:\\\/\\\/auto-aufsicht.de\\\/es\\\/?s={search_term_string}\"},\"query-input\":{\"@type\":\"PropertyValueSpecification\",\"valueRequired\":true,\"valueName\":\"search_term_string\"}}],\"inLanguage\":\"es\"},{\"@type\":\"Organization\",\"@id\":\"https:\\\/\\\/auto-aufsicht.de\\\/es\\\/#organization\",\"name\":\"Auto-Aufsicht\",\"url\":\"https:\\\/\\\/auto-aufsicht.de\\\/es\\\/\",\"logo\":{\"@type\":\"ImageObject\",\"inLanguage\":\"es\",\"@id\":\"https:\\\/\\\/auto-aufsicht.de\\\/es\\\/#\\\/schema\\\/logo\\\/image\\\/\",\"url\":\"https:\\\/\\\/auto-aufsicht.de\\\/wp-content\\\/uploads\\\/2023\\\/06\\\/Auto-Aufsicht-Logo.svg\",\"contentUrl\":\"https:\\\/\\\/auto-aufsicht.de\\\/wp-content\\\/uploads\\\/2023\\\/06\\\/Auto-Aufsicht-Logo.svg\",\"width\":67,\"height\":33,\"caption\":\"Auto-Aufsicht\"},\"image\":{\"@id\":\"https:\\\/\\\/auto-aufsicht.de\\\/es\\\/#\\\/schema\\\/logo\\\/image\\\/\"},\"sameAs\":[\"https:\\\/\\\/www.facebook.com\\\/autoaufsicht\"]}]}<\/script>\n<!-- \/ Yoast SEO plugin. -->","yoast_head_json":{"title":"Condiciones generales | Auto-Aufsicht","robots":{"index":"index","follow":"follow","max-snippet":"max-snippet:-1","max-image-preview":"max-image-preview:large","max-video-preview":"max-video-preview:-1"},"canonical":"https:\/\/auto-aufsicht.de\/es\/condiciones-generales\/","og_locale":"es_ES","og_type":"article","og_title":"Condiciones generales | Auto-Aufsicht","og_description":"Lo siguiente se aplica a todos los enlaces de nuestro sitio web: nos distanciamos expresamente del contenido y no aceptamos ninguna responsabilidad por el contenido de las p\u00e1ginas a las que se proporcionan enlaces en nuestro sitio web. AGB &#8211; Condiciones generales \u00a7 1 Generalidades Todos los servicios ofrecidos por Auto-Aufsicht (en lo sucesivo, el [&hellip;]","og_url":"https:\/\/auto-aufsicht.de\/es\/condiciones-generales\/","og_site_name":"Auto-Aufsicht","article_publisher":"https:\/\/www.facebook.com\/autoaufsicht","article_modified_time":"2024-03-28T12:04:54+00:00","og_image":[{"width":1200,"height":675,"url":"https:\/\/auto-aufsicht.de\/wp-content\/uploads\/2024\/03\/auto-aufsicht-opengraph.jpg","type":"image\/jpeg"}],"twitter_card":"summary_large_image","twitter_misc":{"Tiempo de lectura":"9 minutos"},"schema":{"@context":"https:\/\/schema.org","@graph":[{"@type":"WebPage","@id":"https:\/\/auto-aufsicht.de\/es\/condiciones-generales\/","url":"https:\/\/auto-aufsicht.de\/es\/condiciones-generales\/","name":"Condiciones generales | Auto-Aufsicht","isPartOf":{"@id":"https:\/\/auto-aufsicht.de\/es\/#website"},"datePublished":"2024-02-22T14:09:25+00:00","dateModified":"2024-03-28T12:04:54+00:00","breadcrumb":{"@id":"https:\/\/auto-aufsicht.de\/es\/condiciones-generales\/#breadcrumb"},"inLanguage":"es","potentialAction":[{"@type":"ReadAction","target":["https:\/\/auto-aufsicht.de\/es\/condiciones-generales\/"]}]},{"@type":"BreadcrumbList","@id":"https:\/\/auto-aufsicht.de\/es\/condiciones-generales\/#breadcrumb","itemListElement":[{"@type":"ListItem","position":1,"name":"Startseite","item":"https:\/\/auto-aufsicht.de\/es\/inicio\/"},{"@type":"ListItem","position":2,"name":"Condiciones generales"}]},{"@type":"WebSite","@id":"https:\/\/auto-aufsicht.de\/es\/#website","url":"https:\/\/auto-aufsicht.de\/es\/","name":"Auto-Aufsicht","description":"Parken am Flughafen Frankfurt am Main","publisher":{"@id":"https:\/\/auto-aufsicht.de\/es\/#organization"},"potentialAction":[{"@type":"SearchAction","target":{"@type":"EntryPoint","urlTemplate":"https:\/\/auto-aufsicht.de\/es\/?s={search_term_string}"},"query-input":{"@type":"PropertyValueSpecification","valueRequired":true,"valueName":"search_term_string"}}],"inLanguage":"es"},{"@type":"Organization","@id":"https:\/\/auto-aufsicht.de\/es\/#organization","name":"Auto-Aufsicht","url":"https:\/\/auto-aufsicht.de\/es\/","logo":{"@type":"ImageObject","inLanguage":"es","@id":"https:\/\/auto-aufsicht.de\/es\/#\/schema\/logo\/image\/","url":"https:\/\/auto-aufsicht.de\/wp-content\/uploads\/2023\/06\/Auto-Aufsicht-Logo.svg","contentUrl":"https:\/\/auto-aufsicht.de\/wp-content\/uploads\/2023\/06\/Auto-Aufsicht-Logo.svg","width":67,"height":33,"caption":"Auto-Aufsicht"},"image":{"@id":"https:\/\/auto-aufsicht.de\/es\/#\/schema\/logo\/image\/"},"sameAs":["https:\/\/www.facebook.com\/autoaufsicht"]}]}},"_links":{"self":[{"href":"https:\/\/auto-aufsicht.de\/es\/wp-json\/wp\/v2\/pages\/614","targetHints":{"allow":["GET"]}}],"collection":[{"href":"https:\/\/auto-aufsicht.de\/es\/wp-json\/wp\/v2\/pages"}],"about":[{"href":"https:\/\/auto-aufsicht.de\/es\/wp-json\/wp\/v2\/types\/page"}],"author":[{"embeddable":true,"href":"https:\/\/auto-aufsicht.de\/es\/wp-json\/wp\/v2\/users\/1"}],"replies":[{"embeddable":true,"href":"https:\/\/auto-aufsicht.de\/es\/wp-json\/wp\/v2\/comments?post=614"}],"version-history":[{"count":2,"href":"https:\/\/auto-aufsicht.de\/es\/wp-json\/wp\/v2\/pages\/614\/revisions"}],"predecessor-version":[{"id":949,"href":"https:\/\/auto-aufsicht.de\/es\/wp-json\/wp\/v2\/pages\/614\/revisions\/949"}],"wp:attachment":[{"href":"https:\/\/auto-aufsicht.de\/es\/wp-json\/wp\/v2\/media?parent=614"}],"curies":[{"name":"wp","href":"https:\/\/api.w.org\/{rel}","templated":true}]}}